{"id":9856,"date":"2021-07-25T09:39:37","date_gmt":"2021-07-25T09:39:37","guid":{"rendered":"https:\/\/ecologicalfarming.ma\/?post_type=product&#038;p=9856"},"modified":"2021-07-25T12:18:52","modified_gmt":"2021-07-25T12:18:52","slug":"50gr-ras-el-hanout-couscous","status":"publish","type":"product","link":"https:\/\/ecologicalfarming.ma\/?product=50gr-ras-el-hanout-couscous","title":{"rendered":"<br><span style=\"color: #ff6950;\">\u2022 RAS EL HANOUT COUSCOUS<br><br><\/span><span style=\"color: #8f6262;\">Weight : 50Gr<\/span>"},"content":{"rendered":"<p><span style=\"color: #fa5558;\"><strong>\u00a0 \u00a0 \u00a0\u2022<\/strong> RAS EL HANOUT <span style=\"color: #8a6265;\">COUSCOUS<\/span><\/span><\/p>\n<ul>\n<li>OHNE SALZ<\/li>\n<li>OHNE FARBSTOFFE<\/li>\n<li>OHNE ZUSATZSTOFFE<\/li>\n<li>OHNE KONSERVIERUNGSSTOFFE<\/li>\n<\/ul>\n<p>Unser <span style=\"color: #fa5558;\"><span style=\"color: #8a6265;\">RAS EL HANOUT COUSCOUS <\/span><\/span>ist ein Produkt aus Marokkanischen Gew\u00fcrzen, handgepfl\u00fcckt und handverlesen, sonnengetrocknet und auf Bestellung hin frisch und kalt vermahlen.<br \/>\nDieses naturbelassene Produkt in BIO-Qualit\u00e4t ist ideal zum W\u00fcrzen und Verfeinern von k\u00f6stlichen Couscous-Gerichten.<\/p>\n","protected":false},"excerpt":{"rendered":"<p>\u00a0 \u00a0 \u00a0\u2022 RAS EL HANOUT COUSCOUS OHNE SALZ OHNE FARBSTOFFE OHNE ZUSATZSTOFFE OHNE KONSERVIERUNGSSTOFFE Unser RAS EL HANOUT COUSCOUS ist ein Produkt aus Marokkanischen Gew\u00fcrzen, handgepfl\u00fcckt und handverlesen, sonnengetrocknet und auf Bestellung hin frisch und kalt vermahlen. Dieses naturbelassene Produkt in BIO-Qualit\u00e4t ist ideal zum W\u00fcrzen und Verfeinern von k\u00f6stlichen Couscous-Gerichten.<\/p>\n","protected":false},"featured_media":9764,"template":"","meta":[],"product_cat":[621,622],"product_tag":[],"_links":{"self":[{"href":"https:\/\/ecologicalfarming.ma\/index.php?rest_route=\/wp\/v2\/product\/9856"}],"collection":[{"href":"https:\/\/ecologicalfarming.ma\/index.php?rest_route=\/wp\/v2\/product"}],"about":[{"href":"https:\/\/ecologicalfarming.ma\/index.php?rest_route=\/wp\/v2\/types\/product"}],"wp:featuredmedia":[{"embeddable":true,"href":"https:\/\/ecologicalfarming.ma\/index.php?rest_route=\/wp\/v2\/media\/9764"}],"wp:attachment":[{"href":"https:\/\/ecologicalfarming.ma\/index.php?rest_route=%2Fwp%2Fv2%2Fmedia&parent=9856"}],"wp:term":[{"taxonomy":"product_cat","embeddable":true,"href":"https:\/\/ecologicalfarming.ma\/index.php?rest_route=%2Fwp%2Fv2%2Fproduct_cat&post=9856"},{"taxonomy":"product_tag","embeddable":true,"href":"https:\/\/ecologicalfarming.ma\/index.php?rest_route=%2Fwp%2Fv2%2Fproduct_tag&post=9856"}],"curies":[{"name":"wp","href":"https:\/\/api.w.org\/{rel}","templated":true}]}}