{"id":9854,"date":"2021-07-25T08:44:23","date_gmt":"2021-07-25T08:44:23","guid":{"rendered":"https:\/\/ecologicalfarming.ma\/?post_type=product&#038;p=9854"},"modified":"2021-07-25T12:18:37","modified_gmt":"2021-07-25T12:18:37","slug":"5gr-safran","status":"publish","type":"product","link":"https:\/\/ecologicalfarming.ma\/?product=5gr-safran","title":{"rendered":"<br><span style=\"color: #ff6950;\">\u2022 SAFRAN<br><br><\/span><span style=\"color: #8f6262;\">Weight : 5Gr<\/span>"},"content":{"rendered":"<p><span style=\"color: #fa5558;\"><strong>\u00a0 \u00a0 \u00a0 \u2022<\/strong> 100% SAFRAN<\/span><\/p>\n<ul>\n<li>100% SAFRAN 1Gr<\/li>\n<li>OHNE FARBSTOFFE<\/li>\n<li>OHNE ZUSATZSTOFFE<\/li>\n<li>OHNE KONSERVIERUNGSSTOFFE<\/li>\n<\/ul>\n<p>Unser naturbelassener <span style=\"color: #fa5558;\"><span style=\"color: #8a6265;\">SAFRAN<\/span><\/span>\u00a0ist handgepfl\u00fcckt, handverlesen, sonnengetrocknet und intensiv im Geschmack.<br \/>\nSafran eignet sich vor allem zum W\u00fcrzen von Fleisch, Fisch, Reis- und Gem\u00fcsegerichten.<\/p>\n","protected":false},"excerpt":{"rendered":"<p>\u00a0 \u00a0 \u00a0 \u2022 100% SAFRAN 100% SAFRAN 1Gr OHNE FARBSTOFFE OHNE ZUSATZSTOFFE OHNE KONSERVIERUNGSSTOFFE Unser naturbelassener SAFRAN\u00a0ist handgepfl\u00fcckt, handverlesen, sonnengetrocknet und intensiv im Geschmack. Safran eignet sich vor allem zum W\u00fcrzen von Fleisch, Fisch, Reis- und Gem\u00fcsegerichten.<\/p>\n","protected":false},"featured_media":9143,"template":"","meta":[],"product_cat":[621,623,622],"product_tag":[],"_links":{"self":[{"href":"https:\/\/ecologicalfarming.ma\/index.php?rest_route=\/wp\/v2\/product\/9854"}],"collection":[{"href":"https:\/\/ecologicalfarming.ma\/index.php?rest_route=\/wp\/v2\/product"}],"about":[{"href":"https:\/\/ecologicalfarming.ma\/index.php?rest_route=\/wp\/v2\/types\/product"}],"wp:featuredmedia":[{"embeddable":true,"href":"https:\/\/ecologicalfarming.ma\/index.php?rest_route=\/wp\/v2\/media\/9143"}],"wp:attachment":[{"href":"https:\/\/ecologicalfarming.ma\/index.php?rest_route=%2Fwp%2Fv2%2Fmedia&parent=9854"}],"wp:term":[{"taxonomy":"product_cat","embeddable":true,"href":"https:\/\/ecologicalfarming.ma\/index.php?rest_route=%2Fwp%2Fv2%2Fproduct_cat&post=9854"},{"taxonomy":"product_tag","embeddable":true,"href":"https:\/\/ecologicalfarming.ma\/index.php?rest_route=%2Fwp%2Fv2%2Fproduct_tag&post=9854"}],"curies":[{"name":"wp","href":"https:\/\/api.w.org\/{rel}","templated":true}]}}