{"id":9788,"date":"2021-07-16T23:03:46","date_gmt":"2021-07-16T23:03:46","guid":{"rendered":"https:\/\/ecologicalfarming.ma\/?post_type=product&#038;p=9788"},"modified":"2024-10-07T13:47:07","modified_gmt":"2024-10-07T13:47:07","slug":"ras-el-hanout-viande-poids-50gr-copie","status":"publish","type":"product","link":"https:\/\/ecologicalfarming.ma\/?product=ras-el-hanout-viande-poids-50gr-copie","title":{"rendered":"<br><span style=\"color: #fa5558;\">\u2022 \u00c9PICES TAGINE<br><br><\/span><span style=\"color: #8a6265;\">\u2022 Poids : 100Gr<\/span>"},"content":{"rendered":"<p><span style=\"color: #fa5558;\">\u2022 RAS EL HANOUT <span style=\"color: #8a6265;\">TAGINE<\/span><\/span><\/p>\n<ul>\n<li>SANS SEL<\/li>\n<li>SANS SUCRE<\/li>\n<li>SANS COLORANTS<\/li>\n<li>SANS ADDITIFS<\/li>\n<li>SANS CONSERVATEURS<\/li>\n<\/ul>\n<p>Notre <span style=\"color: #fa5558;\"><span style=\"color: #8a6265;\">RAS EL HANOUT TAGINE<\/span><\/span> est produit \u00e0 partir de nos \u00e9pices Marocaines de culture biologique, cueillies et tri\u00e9es \u00e0 la main, s\u00e9ch\u00e9es au soleil et fra\u00eechement moulues \u00e0 froid sur commande.<br \/>\nCe produit 100% pur et naturel est id\u00e9al pour pr\u00e9parer chez-vous des plats de poissons avec des ar\u00f4mes formidables.<\/p>\n","protected":false},"excerpt":{"rendered":"<p>\u2022 RAS EL HANOUT TAGINE SANS SEL SANS SUCRE SANS COLORANTS SANS ADDITIFS SANS CONSERVATEURS Notre RAS EL HANOUT TAGINE est produit \u00e0 partir de nos \u00e9pices Marocaines de culture biologique, cueillies et tri\u00e9es \u00e0 la main, s\u00e9ch\u00e9es au soleil et fra\u00eechement moulues \u00e0 froid sur commande. Ce produit 100% pur et naturel est id\u00e9al [&hellip;]<\/p>\n","protected":false},"featured_media":12844,"template":"","meta":[],"product_cat":[600,602,95],"product_tag":[],"_links":{"self":[{"href":"https:\/\/ecologicalfarming.ma\/index.php?rest_route=\/wp\/v2\/product\/9788"}],"collection":[{"href":"https:\/\/ecologicalfarming.ma\/index.php?rest_route=\/wp\/v2\/product"}],"about":[{"href":"https:\/\/ecologicalfarming.ma\/index.php?rest_route=\/wp\/v2\/types\/product"}],"wp:featuredmedia":[{"embeddable":true,"href":"https:\/\/ecologicalfarming.ma\/index.php?rest_route=\/wp\/v2\/media\/12844"}],"wp:attachment":[{"href":"https:\/\/ecologicalfarming.ma\/index.php?rest_route=%2Fwp%2Fv2%2Fmedia&parent=9788"}],"wp:term":[{"taxonomy":"product_cat","embeddable":true,"href":"https:\/\/ecologicalfarming.ma\/index.php?rest_route=%2Fwp%2Fv2%2Fproduct_cat&post=9788"},{"taxonomy":"product_tag","embeddable":true,"href":"https:\/\/ecologicalfarming.ma\/index.php?rest_route=%2Fwp%2Fv2%2Fproduct_tag&post=9788"}],"curies":[{"name":"wp","href":"https:\/\/api.w.org\/{rel}","templated":true}]}}