{"id":9701,"date":"2021-07-14T17:44:18","date_gmt":"2021-07-14T17:44:18","guid":{"rendered":"https:\/\/ecologicalfarming.ma\/?post_type=product&#038;p=9701"},"modified":"2022-05-17T21:16:04","modified_gmt":"2022-05-17T21:16:04","slug":"savon-baldi-huile-de-coco-bio","status":"publish","type":"product","link":"https:\/\/ecologicalfarming.ma\/?product=savon-baldi-huile-de-coco-bio","title":{"rendered":"<span style=\"color: #470796;\"><p>SAVON BALDI 4<\/p><\/span> <span style=\"color: #ff00a6;\"><p> HUILE DE COCO<\/span><\/p> <span style=\"color: #944a4f;\">Poids : 100Gr<\/span>"},"content":{"rendered":"<p><span style=\"color: #470796;\">SAVON BALDI 5 <\/span><span style=\"color: #470796;\">:<\/span> <span style=\"color: #fb068b;\">HUILE DE COCO BIO<\/span><\/p>\n<p>\u2666 HUILE DE COCO BIO<\/p>\n<ul>\n<li style=\"list-style-type: none;\">\n<ul>\n<li style=\"list-style-type: none;\">\n<ul>\n<li>SANS PARAFFINES<\/li>\n<li>SANS PARAB\u00c8NES<\/li>\n<li>SANS SILICATES<\/li>\n<\/ul>\n<\/li>\n<\/ul>\n<\/li>\n<\/ul>\n<p>Notre savon naturel <span style=\"color: #470796;\">SAVON BALDI <span style=\"color: #333333;\">\u00e0 base de notre <\/span><\/span><span style=\"color: #fb068b;\">huile de coco BIO<\/span> est fra\u00eechement produit sur commande sans paraffines, sans parab\u00e8nes, sans silicates et sans aditifs ni conservateurs.<br \/>\nCe savon purement naturel approvisionne votre peau en \u00e9l\u00e9ments nutritifs essentiels et en humidit\u00e9. Vous profitez aussi d\u2019une odeur fra\u00eeche et accueillante et d\u2019un effet d\u00e9sinfectant remarquable d&#8217;huile de coco BIO permettant de<br \/>\nmaintenir une bonne hygi\u00e8ne de votre corps.<\/p>\n","protected":false},"excerpt":{"rendered":"<p>SAVON BALDI 5 : HUILE DE COCO BIO \u2666 HUILE DE COCO BIO SANS PARAFFINES SANS PARAB\u00c8NES SANS SILICATES Notre savon naturel SAVON BALDI \u00e0 base de notre huile de coco BIO est fra\u00eechement produit sur commande sans paraffines, sans parab\u00e8nes, sans silicates et sans aditifs ni conservateurs. Ce savon purement naturel approvisionne votre peau [&hellip;]<\/p>\n","protected":false},"featured_media":10741,"template":"","meta":[],"product_cat":[40,490,759],"product_tag":[],"_links":{"self":[{"href":"https:\/\/ecologicalfarming.ma\/index.php?rest_route=\/wp\/v2\/product\/9701"}],"collection":[{"href":"https:\/\/ecologicalfarming.ma\/index.php?rest_route=\/wp\/v2\/product"}],"about":[{"href":"https:\/\/ecologicalfarming.ma\/index.php?rest_route=\/wp\/v2\/types\/product"}],"wp:featuredmedia":[{"embeddable":true,"href":"https:\/\/ecologicalfarming.ma\/index.php?rest_route=\/wp\/v2\/media\/10741"}],"wp:attachment":[{"href":"https:\/\/ecologicalfarming.ma\/index.php?rest_route=%2Fwp%2Fv2%2Fmedia&parent=9701"}],"wp:term":[{"taxonomy":"product_cat","embeddable":true,"href":"https:\/\/ecologicalfarming.ma\/index.php?rest_route=%2Fwp%2Fv2%2Fproduct_cat&post=9701"},{"taxonomy":"product_tag","embeddable":true,"href":"https:\/\/ecologicalfarming.ma\/index.php?rest_route=%2Fwp%2Fv2%2Fproduct_tag&post=9701"}],"curies":[{"name":"wp","href":"https:\/\/api.w.org\/{rel}","templated":true}]}}