{"id":9651,"date":"2021-07-11T13:56:07","date_gmt":"2021-07-11T13:56:07","guid":{"rendered":"https:\/\/ecologicalfarming.ma\/?post_type=product&#038;p=9651"},"modified":"2021-07-11T14:05:39","modified_gmt":"2021-07-11T14:05:39","slug":"250ml-bio-olivenoel-mit-ingwer","status":"publish","type":"product","link":"https:\/\/ecologicalfarming.ma\/?product=250ml-bio-olivenoel-mit-ingwer","title":{"rendered":"<br><span style=\"color: #fa5558;\">\u2022 BIO-OLIVEN\u00d6L MIT INGWER<br><br><\/span><span style=\"color: #8a6265;\">\u2022 Volumen : 250ml<\/span>"},"content":{"rendered":"<p><span style=\"color: #fa5558;\"><strong>\u2022<\/strong> AROMATISIERTES BIO-OLIVEN\u00d6L <span style=\"color: #8a6265;\">\u00a0MIT INGWER<\/span><\/span><\/p>\n<ul>\n<li>100% BIO<\/li>\n<li>100% REIN<\/li>\n<li>NICHT RAFFINIERT<\/li>\n<li>NICHT DESODORIERT<\/li>\n<\/ul>\n<p>Unser aromatisiertes <span style=\"color: #fa5558;\"><span style=\"color: #8a6265;\">BIO-OLIVEN\u00d6L<\/span><\/span> mit <span style=\"color: #fa5558;\"><span style=\"color: #8a6265;\">INGWER <\/span><\/span>ist ein natives kaltgepresstes Speise\u00f6l der ersten G\u00fcterklasse, welches wir zu 100% aus reinen Olivenfr\u00fcchten gewonnen und weder raffiniert noch desodoriert haben.<\/p>\n<p>Damit Ihre Damit Ihre Gerichte zum Erlebnis werden, haben wir dieses hochwertige BIO-Oliven\u00f6l mit<span style=\"color: #fa5558;\"><span style=\"color: #8a6265;\"> INGWER<\/span><\/span><span style=\"color: #fa5558;\"><span style=\"color: #8a6265;\">\u00a0<\/span><\/span>aromatisiert.<\/p>\n<p>Unser <span style=\"color: #fa5558;\"><span style=\"color: #8a6265;\">INGWER<\/span><\/span>\u00a0ist biologischen Ursprungs, von h\u00f6chster Qualit\u00e4t und auf Bestellung hin immer frisch zubereitet.<\/p>\n<p>&nbsp;<\/p>\n<p>&nbsp;<\/p>\n","protected":false},"excerpt":{"rendered":"<p>\u2022 AROMATISIERTES BIO-OLIVEN\u00d6L \u00a0MIT INGWER 100% BIO 100% REIN NICHT RAFFINIERT NICHT DESODORIERT Unser aromatisiertes BIO-OLIVEN\u00d6L mit INGWER ist ein natives kaltgepresstes Speise\u00f6l der ersten G\u00fcterklasse, welches wir zu 100% aus reinen Olivenfr\u00fcchten gewonnen und weder raffiniert noch desodoriert haben. Damit Ihre Damit Ihre Gerichte zum Erlebnis werden, haben wir dieses hochwertige BIO-Oliven\u00f6l mit INGWER\u00a0aromatisiert. [&hellip;]<\/p>\n","protected":false},"featured_media":6548,"template":"","meta":[],"product_cat":[616,613],"product_tag":[],"_links":{"self":[{"href":"https:\/\/ecologicalfarming.ma\/index.php?rest_route=\/wp\/v2\/product\/9651"}],"collection":[{"href":"https:\/\/ecologicalfarming.ma\/index.php?rest_route=\/wp\/v2\/product"}],"about":[{"href":"https:\/\/ecologicalfarming.ma\/index.php?rest_route=\/wp\/v2\/types\/product"}],"wp:featuredmedia":[{"embeddable":true,"href":"https:\/\/ecologicalfarming.ma\/index.php?rest_route=\/wp\/v2\/media\/6548"}],"wp:attachment":[{"href":"https:\/\/ecologicalfarming.ma\/index.php?rest_route=%2Fwp%2Fv2%2Fmedia&parent=9651"}],"wp:term":[{"taxonomy":"product_cat","embeddable":true,"href":"https:\/\/ecologicalfarming.ma\/index.php?rest_route=%2Fwp%2Fv2%2Fproduct_cat&post=9651"},{"taxonomy":"product_tag","embeddable":true,"href":"https:\/\/ecologicalfarming.ma\/index.php?rest_route=%2Fwp%2Fv2%2Fproduct_tag&post=9651"}],"curies":[{"name":"wp","href":"https:\/\/api.w.org\/{rel}","templated":true}]}}