{"id":9608,"date":"2021-07-05T23:11:47","date_gmt":"2021-07-05T23:11:47","guid":{"rendered":"https:\/\/ecologicalfarming.ma\/?post_type=product&#038;p=9608"},"modified":"2021-09-09T18:28:42","modified_gmt":"2021-09-09T18:28:42","slug":"200gr-savon-baldi-huile-dolive-bio-et-huile-essentielle-deucalyptus","status":"publish","type":"product","link":"https:\/\/ecologicalfarming.ma\/?product=200gr-savon-baldi-huile-dolive-bio-et-huile-essentielle-deucalyptus","title":{"rendered":"<span style=\"color: #470796;\"><p>SAVON BALDI 2 <\/p><\/span> <span style=\"color: #ff00a6;\"><p>Huile d\u2019olive &#038; Huile d&#8217;eucalyptus <\/span><\/p> <span style=\"color: #944a4f;\">Poids : 200Gr<\/span>"},"content":{"rendered":"<p><span style=\"color: #470796;\">SAVON BALDI 2 <\/span><span style=\"color: #470796;\">:<\/span> <span style=\"color: #fb068b;\">HUILE D\u2019OLIVE &amp; HUILE ESSENTIELLE D\u2019EUCALYPTUS<\/span><\/p>\n<p>\u2666 HUILE D&#8217;OLIVE BIO<br \/>\n\u2666 HUILE ESSENTIELLE D\u2019EUCALYPTUS<\/p>\n<ul>\n<li style=\"list-style-type: none;\">\n<ul>\n<li style=\"list-style-type: none;\">\n<ul>\n<li>SANS PARAFFINES<\/li>\n<li>SANS PARAB\u00c8NES<\/li>\n<li>SANS SILICATES<\/li>\n<\/ul>\n<\/li>\n<\/ul>\n<\/li>\n<\/ul>\n<p>Notre savon naturel <span style=\"color: #470796;\">SAVON BALDI <\/span>\u00e0 base <span style=\"color: #fb068b;\">d\u2019huile d\u2019olive BIO et huile essentielle d\u2019eucalyptus 100% pure et naturelle <\/span>est fra\u00eechement produit sur commande sans paraffines, sans parab\u00e8nes, sans silicates et sans aditifs ni conservateurs.<br \/>\nCe savon purement naturel approvisionne votre peau en \u00e9l\u00e9ments nutritifs essentiels et en humidit\u00e9.<br \/>\nVous profitez aussi des propri\u00e9t\u00e9s protectrices et anti-oxydantes tr\u00e8s puissantes de l\u2019huile d\u2019olive et des effets bienfaisants de notre huile essentielle d\u2019eucalyptus.<\/p>\n<p>&nbsp;<\/p>\n","protected":false},"excerpt":{"rendered":"<p>SAVON BALDI 2 : HUILE D\u2019OLIVE &amp; HUILE ESSENTIELLE D\u2019EUCALYPTUS \u2666 HUILE D&#8217;OLIVE BIO \u2666 HUILE ESSENTIELLE D\u2019EUCALYPTUS SANS PARAFFINES SANS PARAB\u00c8NES SANS SILICATES Notre savon naturel SAVON BALDI \u00e0 base d\u2019huile d\u2019olive BIO et huile essentielle d\u2019eucalyptus 100% pure et naturelle est fra\u00eechement produit sur commande sans paraffines, sans parab\u00e8nes, sans silicates et sans [&hellip;]<\/p>\n","protected":false},"featured_media":10728,"template":"","meta":[],"product_cat":[40,490,759],"product_tag":[],"_links":{"self":[{"href":"https:\/\/ecologicalfarming.ma\/index.php?rest_route=\/wp\/v2\/product\/9608"}],"collection":[{"href":"https:\/\/ecologicalfarming.ma\/index.php?rest_route=\/wp\/v2\/product"}],"about":[{"href":"https:\/\/ecologicalfarming.ma\/index.php?rest_route=\/wp\/v2\/types\/product"}],"wp:featuredmedia":[{"embeddable":true,"href":"https:\/\/ecologicalfarming.ma\/index.php?rest_route=\/wp\/v2\/media\/10728"}],"wp:attachment":[{"href":"https:\/\/ecologicalfarming.ma\/index.php?rest_route=%2Fwp%2Fv2%2Fmedia&parent=9608"}],"wp:term":[{"taxonomy":"product_cat","embeddable":true,"href":"https:\/\/ecologicalfarming.ma\/index.php?rest_route=%2Fwp%2Fv2%2Fproduct_cat&post=9608"},{"taxonomy":"product_tag","embeddable":true,"href":"https:\/\/ecologicalfarming.ma\/index.php?rest_route=%2Fwp%2Fv2%2Fproduct_tag&post=9608"}],"curies":[{"name":"wp","href":"https:\/\/api.w.org\/{rel}","templated":true}]}}