{"id":9604,"date":"2021-07-05T23:11:24","date_gmt":"2021-07-05T23:11:24","guid":{"rendered":"https:\/\/ecologicalfarming.ma\/?post_type=product&#038;p=9604"},"modified":"2022-05-17T21:22:26","modified_gmt":"2022-05-17T21:22:26","slug":"100gr-savon-baldi-huile-de-rose-bio-petales-de-rose","status":"publish","type":"product","link":"https:\/\/ecologicalfarming.ma\/?product=100gr-savon-baldi-huile-de-rose-bio-petales-de-rose","title":{"rendered":"<span style=\"color: #470796;\"><p>SAVON BALDI 1 <\/p><\/span> <span style=\"color: #ff00a6;\"><p>HUILE  ET P\u00c9TALES DE ROSE BIO<\/span><\/p> <span style=\"color: #944a4f;\">Poids : 100Gr<\/span>"},"content":{"rendered":"<p><span style=\"color: #470796;\">SAVON BALDI 1<\/span><span style=\"color: #470796;\">\u00a0:<\/span> <span style=\"color: #fb068b;\">HUILE DE ROSE BIO &amp;\u00a0P\u00c9TALES DE ROSE <\/span><\/p>\n<p>\u2666 HUILE DE ROSE BIO<br \/>\n\u2666 PLANTES AROMATIQUES ET M\u00c9DICINALES<\/p>\n<ul>\n<li style=\"list-style-type: none;\">\n<ul>\n<li style=\"list-style-type: none;\">\n<ul>\n<li>SANS PARAFFINES<\/li>\n<li>SANS PARAB\u00c8NES<\/li>\n<li>SANS SILICATES<\/li>\n<\/ul>\n<\/li>\n<\/ul>\n<\/li>\n<\/ul>\n<p>Notre savon naturel <span style=\"color: #470796;\">SAVON BALDI <\/span>\u00e0 base <span style=\"color: #fb068b;\">d\u2019huile de rose BIO et p\u00e9tales de rose <\/span>de culture biologique est fra\u00eechement produit sur commande sans paraffines, sans parab\u00e8nes, sans silicates et sans aditifs ni conservateurs.<br \/>\nCe savon purement naturel approvisionne votre peau en \u00e9l\u00e9ments nutritifs essentiels et en humidit\u00e9. Vous profitez aussi d\u2019un effet remarquable contre la peau irrit\u00e9e ou s\u00e9ch\u00e9e et des propri\u00e9t\u00e9s revitalisantes excellentes de l\u2019huile de<br \/>\nrose.<\/p>\n<p>&nbsp;<\/p>\n","protected":false},"excerpt":{"rendered":"<p>SAVON BALDI 1\u00a0: HUILE DE ROSE BIO &amp;\u00a0P\u00c9TALES DE ROSE \u2666 HUILE DE ROSE BIO \u2666 PLANTES AROMATIQUES ET M\u00c9DICINALES SANS PARAFFINES SANS PARAB\u00c8NES SANS SILICATES Notre savon naturel SAVON BALDI \u00e0 base d\u2019huile de rose BIO et p\u00e9tales de rose de culture biologique est fra\u00eechement produit sur commande sans paraffines, sans parab\u00e8nes, sans silicates [&hellip;]<\/p>\n","protected":false},"featured_media":10752,"template":"","meta":[],"product_cat":[40,490,759],"product_tag":[],"_links":{"self":[{"href":"https:\/\/ecologicalfarming.ma\/index.php?rest_route=\/wp\/v2\/product\/9604"}],"collection":[{"href":"https:\/\/ecologicalfarming.ma\/index.php?rest_route=\/wp\/v2\/product"}],"about":[{"href":"https:\/\/ecologicalfarming.ma\/index.php?rest_route=\/wp\/v2\/types\/product"}],"wp:featuredmedia":[{"embeddable":true,"href":"https:\/\/ecologicalfarming.ma\/index.php?rest_route=\/wp\/v2\/media\/10752"}],"wp:attachment":[{"href":"https:\/\/ecologicalfarming.ma\/index.php?rest_route=%2Fwp%2Fv2%2Fmedia&parent=9604"}],"wp:term":[{"taxonomy":"product_cat","embeddable":true,"href":"https:\/\/ecologicalfarming.ma\/index.php?rest_route=%2Fwp%2Fv2%2Fproduct_cat&post=9604"},{"taxonomy":"product_tag","embeddable":true,"href":"https:\/\/ecologicalfarming.ma\/index.php?rest_route=%2Fwp%2Fv2%2Fproduct_tag&post=9604"}],"curies":[{"name":"wp","href":"https:\/\/api.w.org\/{rel}","templated":true}]}}