{"id":9471,"date":"2021-06-30T18:21:04","date_gmt":"2021-06-30T18:21:04","guid":{"rendered":"https:\/\/ecologicalfarming.ma\/product\/%e2%80%a2-huile-dolive-pizza%e2%80%a2-volume-250ml-3\/"},"modified":"2021-07-11T14:08:26","modified_gmt":"2021-07-11T14:08:26","slug":"250ml-aromatisiertes-bio-olivenoel-fuer-pizza","status":"publish","type":"product","link":"https:\/\/ecologicalfarming.ma\/?product=250ml-aromatisiertes-bio-olivenoel-fuer-pizza","title":{"rendered":"<br><span style=\"color: #fa5558;\">\u2022 BIO-OLIVEN\u00d6L F\u00dcR PIZZA<br><br><\/span><span style=\"color: #8a6265;\">\u2022 Volumen : 250ml<\/span>"},"content":{"rendered":"<p><span style=\"color: #fa5558;\"><strong>\u2022<\/strong> AROMATISIERTES BIO-OLIVEN\u00d6L <span style=\"color: #8a6265;\">\u00a0F\u00dcR PIZZA<\/span><\/span><\/p>\n<ul>\n<li>100% BIO<\/li>\n<li>100% REIN<\/li>\n<li>NICHT RAFFINIERT<\/li>\n<li>NICHT DESODORIERT<\/li>\n<\/ul>\n<p>Unser aromatisiertes <span style=\"color: #fa5558;\"><span style=\"color: #8a6265;\">BIO-OLIVEN\u00d6L<\/span><\/span>\u00a0f\u00fcr <span style=\"color: #fa5558;\"><span style=\"color: #8a6265;\">PIZZA<\/span><\/span> ist ein natives kaltgepresstes Speise\u00f6l der ersten G\u00fcterklasse, welches wir zu 100% aus reinen Olivenfr\u00fcchten gewonnen und weder raffiniert noch desodoriert haben.<\/p>\n<p>Damit Ihre <span style=\"color: #fa5558;\"><span style=\"color: #8a6265;\">PIZZA<\/span><\/span> zum Erlebnis wird, haben wir dieses hochwertige BIO-Oliven\u00f6l mit einer hierf\u00fcr speziell entwickelten Kr\u00e4uter- und Gew\u00fcrzmischung aromatisiert.<\/p>\n<p>Alle Zutaten dieser feinen Mischung sind ausnahmslos biologischen Ursprungs, von h\u00f6chster Qualit\u00e4t und auf Bestellung hin immer frisch zubereitet.<\/p>\n<p>&nbsp;<\/p>\n<p>&nbsp;<\/p>\n","protected":false},"excerpt":{"rendered":"<p>\u2022 AROMATISIERTES BIO-OLIVEN\u00d6L \u00a0F\u00dcR PIZZA 100% BIO 100% REIN NICHT RAFFINIERT NICHT DESODORIERT Unser aromatisiertes BIO-OLIVEN\u00d6L\u00a0f\u00fcr PIZZA ist ein natives kaltgepresstes Speise\u00f6l der ersten G\u00fcterklasse, welches wir zu 100% aus reinen Olivenfr\u00fcchten gewonnen und weder raffiniert noch desodoriert haben. Damit Ihre PIZZA zum Erlebnis wird, haben wir dieses hochwertige BIO-Oliven\u00f6l mit einer hierf\u00fcr speziell entwickelten [&hellip;]<\/p>\n","protected":false},"featured_media":6536,"template":"","meta":[],"product_cat":[616,613],"product_tag":[],"_links":{"self":[{"href":"https:\/\/ecologicalfarming.ma\/index.php?rest_route=\/wp\/v2\/product\/9471"}],"collection":[{"href":"https:\/\/ecologicalfarming.ma\/index.php?rest_route=\/wp\/v2\/product"}],"about":[{"href":"https:\/\/ecologicalfarming.ma\/index.php?rest_route=\/wp\/v2\/types\/product"}],"wp:featuredmedia":[{"embeddable":true,"href":"https:\/\/ecologicalfarming.ma\/index.php?rest_route=\/wp\/v2\/media\/6536"}],"wp:attachment":[{"href":"https:\/\/ecologicalfarming.ma\/index.php?rest_route=%2Fwp%2Fv2%2Fmedia&parent=9471"}],"wp:term":[{"taxonomy":"product_cat","embeddable":true,"href":"https:\/\/ecologicalfarming.ma\/index.php?rest_route=%2Fwp%2Fv2%2Fproduct_cat&post=9471"},{"taxonomy":"product_tag","embeddable":true,"href":"https:\/\/ecologicalfarming.ma\/index.php?rest_route=%2Fwp%2Fv2%2Fproduct_tag&post=9471"}],"curies":[{"name":"wp","href":"https:\/\/api.w.org\/{rel}","templated":true}]}}