{"id":9241,"date":"2021-06-05T23:28:36","date_gmt":"2021-06-05T23:28:36","guid":{"rendered":"https:\/\/ecologicalfarming.ma\/?post_type=product&#038;p=9241"},"modified":"2022-01-06T21:12:21","modified_gmt":"2022-01-06T21:12:21","slug":"250ml-amlou10-olivenoel-bio-honig-trockenfruechte-samen","status":"publish","type":"product","link":"https:\/\/ecologicalfarming.ma\/?product=250ml-amlou10-olivenoel-bio-honig-trockenfruechte-samen","title":{"rendered":"<span style=\"color: #944a4f;\"><p>AMLOU 10<\/span><\/p><span style=\"color: #ee393c;\"><p>Oliven\u00f6l, BIO-Honig und sesam<\/span><\/p><span style=\"color: #944a4f;\">Gewicht : 250Gr<\/span>"},"content":{"rendered":"<p><strong><span style=\"color: #944a4f;\">AMLOU 10<\/span>\u00a0: <\/strong><span style=\"color: #ee393c;\">OLIVEN\u00d6L, BIO-HONIG UND\u00a0TROCKENFR\u00dcCHTE UND SAMEN<\/span><\/p>\n<ul>\n<li>OHNE ZUCKER<\/li>\n<li>OHNE ZUSATZSTOFFE<\/li>\n<li>OHNE KONSERVIERUNGSSTOFFE<\/li>\n<\/ul>\n<p>Unser <span style=\"color: #944a4f;\">AMLOU 10<\/span>\u00a0ist eine Kreation auf Basis von <span style=\"color: #944a4f;\">Oliven\u00f6l, BIO-Honig und Trockenfr\u00fcchte und Samen <span style=\"color: #333333;\">mit purem und nat\u00fcrlichem Geschmack<\/span><\/span><span style=\"color: #333333;\">.<\/span><br \/>\nBekannt f\u00fcr seine gesunden Eigenschaften, Amlou ist hervorragend zum Fr\u00fchst\u00fcck oder als St\u00e4rkung zwischendurch.<br \/>\nWir empfehlen Ihnen, Amlou vor Gebrauch gut umzur\u00fchren, bis Sie eine homogene Konsistenz erhalten.<\/p>\n<p>&nbsp;<\/p>\n<p>&nbsp;<\/p>\n","protected":false},"excerpt":{"rendered":"<p>AMLOU 10\u00a0: OLIVEN\u00d6L, BIO-HONIG UND\u00a0TROCKENFR\u00dcCHTE UND SAMEN OHNE ZUCKER OHNE ZUSATZSTOFFE OHNE KONSERVIERUNGSSTOFFE Unser AMLOU 10\u00a0ist eine Kreation auf Basis von Oliven\u00f6l, BIO-Honig und Trockenfr\u00fcchte und Samen mit purem und nat\u00fcrlichem Geschmack. Bekannt f\u00fcr seine gesunden Eigenschaften, Amlou ist hervorragend zum Fr\u00fchst\u00fcck oder als St\u00e4rkung zwischendurch. Wir empfehlen Ihnen, Amlou vor Gebrauch gut umzur\u00fchren, bis [&hellip;]<\/p>\n","protected":false},"featured_media":6830,"template":"","meta":[],"product_cat":[625,611,884],"product_tag":[],"_links":{"self":[{"href":"https:\/\/ecologicalfarming.ma\/index.php?rest_route=\/wp\/v2\/product\/9241"}],"collection":[{"href":"https:\/\/ecologicalfarming.ma\/index.php?rest_route=\/wp\/v2\/product"}],"about":[{"href":"https:\/\/ecologicalfarming.ma\/index.php?rest_route=\/wp\/v2\/types\/product"}],"wp:featuredmedia":[{"embeddable":true,"href":"https:\/\/ecologicalfarming.ma\/index.php?rest_route=\/wp\/v2\/media\/6830"}],"wp:attachment":[{"href":"https:\/\/ecologicalfarming.ma\/index.php?rest_route=%2Fwp%2Fv2%2Fmedia&parent=9241"}],"wp:term":[{"taxonomy":"product_cat","embeddable":true,"href":"https:\/\/ecologicalfarming.ma\/index.php?rest_route=%2Fwp%2Fv2%2Fproduct_cat&post=9241"},{"taxonomy":"product_tag","embeddable":true,"href":"https:\/\/ecologicalfarming.ma\/index.php?rest_route=%2Fwp%2Fv2%2Fproduct_tag&post=9241"}],"curies":[{"name":"wp","href":"https:\/\/api.w.org\/{rel}","templated":true}]}}