{"id":9240,"date":"2021-06-05T23:22:58","date_gmt":"2021-06-05T23:22:58","guid":{"rendered":"https:\/\/ecologicalfarming.ma\/?post_type=product&#038;p=9240"},"modified":"2021-07-24T23:50:57","modified_gmt":"2021-07-24T23:50:57","slug":"amlou-9olivenoel-bio-honig-und-sesamvolume-250ml","status":"publish","type":"product","link":"https:\/\/ecologicalfarming.ma\/?product=amlou-9olivenoel-bio-honig-und-sesamvolume-250ml","title":{"rendered":"<span style=\"color: #944a4f;\"><p>AMLOU 9<\/span><\/p><span style=\"color: #ee393c;\"><p>Oliven\u00f6l, BIO-Honig und sesam<\/span><\/p><span style=\"color: #944a4f;\">Gewicht : 250Gr<\/span>"},"content":{"rendered":"<p><strong><span style=\"color: #944a4f;\">AMLOU 9<\/span>\u00a0: <\/strong><span style=\"color: #ee393c;\">OLIVEN\u00d6L, BIO-HONIG UND ERDN\u00dcSSE<\/span><\/p>\n<p>Unser <span style=\"color: #944a4f;\">AMLOU 9<\/span>\u00a0ist eine Kreation auf Basis von <span style=\"color: #944a4f;\">Oliven\u00f6l, BIO-Honig und Erdn\u00fcssen <span style=\"color: #333333;\">mit purem und nat\u00fcrlichem Geschmack<\/span><\/span><span style=\"color: #333333;\">.<\/span><br \/>\nBekannt f\u00fcr seine gesunden Eigenschaften, Amlou ist hervorragend zum Fr\u00fchst\u00fcck oder als St\u00e4rkung zwischendurch.<br \/>\nWir empfehlen Ihnen, Amlou vor Gebrauch gut umzur\u00fchren, bis Sie eine homogene Konsistenz erhalten.<\/p>\n<p>&nbsp;<\/p>\n<p>&nbsp;<\/p>\n","protected":false},"excerpt":{"rendered":"<p>AMLOU 9\u00a0: OLIVEN\u00d6L, BIO-HONIG UND ERDN\u00dcSSE Unser AMLOU 9\u00a0ist eine Kreation auf Basis von Oliven\u00f6l, BIO-Honig und Erdn\u00fcssen mit purem und nat\u00fcrlichem Geschmack. Bekannt f\u00fcr seine gesunden Eigenschaften, Amlou ist hervorragend zum Fr\u00fchst\u00fcck oder als St\u00e4rkung zwischendurch. Wir empfehlen Ihnen, Amlou vor Gebrauch gut umzur\u00fchren, bis Sie eine homogene Konsistenz erhalten. &nbsp; &nbsp;<\/p>\n","protected":false},"featured_media":6856,"template":"","meta":[],"product_cat":[625,611],"product_tag":[],"_links":{"self":[{"href":"https:\/\/ecologicalfarming.ma\/index.php?rest_route=\/wp\/v2\/product\/9240"}],"collection":[{"href":"https:\/\/ecologicalfarming.ma\/index.php?rest_route=\/wp\/v2\/product"}],"about":[{"href":"https:\/\/ecologicalfarming.ma\/index.php?rest_route=\/wp\/v2\/types\/product"}],"wp:featuredmedia":[{"embeddable":true,"href":"https:\/\/ecologicalfarming.ma\/index.php?rest_route=\/wp\/v2\/media\/6856"}],"wp:attachment":[{"href":"https:\/\/ecologicalfarming.ma\/index.php?rest_route=%2Fwp%2Fv2%2Fmedia&parent=9240"}],"wp:term":[{"taxonomy":"product_cat","embeddable":true,"href":"https:\/\/ecologicalfarming.ma\/index.php?rest_route=%2Fwp%2Fv2%2Fproduct_cat&post=9240"},{"taxonomy":"product_tag","embeddable":true,"href":"https:\/\/ecologicalfarming.ma\/index.php?rest_route=%2Fwp%2Fv2%2Fproduct_tag&post=9240"}],"curies":[{"name":"wp","href":"https:\/\/api.w.org\/{rel}","templated":true}]}}