{"id":9236,"date":"2021-06-05T23:16:40","date_gmt":"2021-06-05T23:16:40","guid":{"rendered":"https:\/\/ecologicalfarming.ma\/?post_type=product&#038;p=9236"},"modified":"2021-07-24T23:51:36","modified_gmt":"2021-07-24T23:51:36","slug":"250ml-amlou8-olivenoel-bio-honig-sesam","status":"publish","type":"product","link":"https:\/\/ecologicalfarming.ma\/?product=250ml-amlou8-olivenoel-bio-honig-sesam","title":{"rendered":"<span style=\"color: #944a4f;\"><p>AMLOU 8<\/span><\/p><span style=\"color: #ee393c;\"><p>Oliven\u00f6l, BIO-Honig und sesam<\/span><\/p><span style=\"color: #944a4f;\">Gewicht : 250Gr<\/span>"},"content":{"rendered":"<p><strong><span style=\"color: #944a4f;\">AMLOU 8<\/span> : <\/strong><span style=\"color: #ee393c;\">OLIVEN\u00d6L, BIO-HONIG UND SESAM<\/span><\/p>\n<ul>\n<li>OHNE ZUCKER<\/li>\n<li>OHNE ZUSATZSTOFFE<\/li>\n<li>OHNE KONSERVIERUNGSSTOFFE<\/li>\n<\/ul>\n<p>Unser <span style=\"color: #944a4f;\">AMLOU 8<\/span> ist eine Kreation auf Basis von <span style=\"color: #944a4f;\">Oliven\u00f6l, BIO-Honig und sesam <span style=\"color: #333333;\">mit purem und nat\u00fcrlichem Geschmack<\/span><\/span><span style=\"color: #333333;\">.<\/span><br \/>\nBekannt f\u00fcr seine gesunden Eigenschaften, Amlou ist hervorragend zum Fr\u00fchst\u00fcck oder als St\u00e4rkung zwischendurch.<br \/>\nWir empfehlen Ihnen, Amlou vor Gebrauch gut umzur\u00fchren, bis Sie eine homogene Konsistenz erhalten.<\/p>\n<p>&nbsp;<\/p>\n<p>&nbsp;<\/p>\n","protected":false},"excerpt":{"rendered":"<p>AMLOU 8 : OLIVEN\u00d6L, BIO-HONIG UND SESAM OHNE ZUCKER OHNE ZUSATZSTOFFE OHNE KONSERVIERUNGSSTOFFE Unser AMLOU 8 ist eine Kreation auf Basis von Oliven\u00f6l, BIO-Honig und sesam mit purem und nat\u00fcrlichem Geschmack. Bekannt f\u00fcr seine gesunden Eigenschaften, Amlou ist hervorragend zum Fr\u00fchst\u00fcck oder als St\u00e4rkung zwischendurch. Wir empfehlen Ihnen, Amlou vor Gebrauch gut umzur\u00fchren, bis Sie [&hellip;]<\/p>\n","protected":false},"featured_media":6845,"template":"","meta":[],"product_cat":[625,611],"product_tag":[],"_links":{"self":[{"href":"https:\/\/ecologicalfarming.ma\/index.php?rest_route=\/wp\/v2\/product\/9236"}],"collection":[{"href":"https:\/\/ecologicalfarming.ma\/index.php?rest_route=\/wp\/v2\/product"}],"about":[{"href":"https:\/\/ecologicalfarming.ma\/index.php?rest_route=\/wp\/v2\/types\/product"}],"wp:featuredmedia":[{"embeddable":true,"href":"https:\/\/ecologicalfarming.ma\/index.php?rest_route=\/wp\/v2\/media\/6845"}],"wp:attachment":[{"href":"https:\/\/ecologicalfarming.ma\/index.php?rest_route=%2Fwp%2Fv2%2Fmedia&parent=9236"}],"wp:term":[{"taxonomy":"product_cat","embeddable":true,"href":"https:\/\/ecologicalfarming.ma\/index.php?rest_route=%2Fwp%2Fv2%2Fproduct_cat&post=9236"},{"taxonomy":"product_tag","embeddable":true,"href":"https:\/\/ecologicalfarming.ma\/index.php?rest_route=%2Fwp%2Fv2%2Fproduct_tag&post=9236"}],"curies":[{"name":"wp","href":"https:\/\/api.w.org\/{rel}","templated":true}]}}