{"id":9235,"date":"2021-06-05T23:08:41","date_gmt":"2021-06-05T23:08:41","guid":{"rendered":"https:\/\/ecologicalfarming.ma\/?post_type=product&#038;p=9235"},"modified":"2021-07-24T23:52:28","modified_gmt":"2021-07-24T23:52:28","slug":"amlou-7arganoel-bio-honig-walnusskerne","status":"publish","type":"product","link":"https:\/\/ecologicalfarming.ma\/?product=amlou-7arganoel-bio-honig-walnusskerne","title":{"rendered":"<span style=\"color: #944a4f;\"><p>AMLOU 7<\/span><\/p><span style=\"color: #ee393c;\"><p>Argan\u00f6l, BIO-Honig und  Sesam <\/span><\/p><span style=\"color: #944a4f;\">Gewicht : 250Gr<\/span>"},"content":{"rendered":"<p><strong><span style=\"color: #944a4f;\">AMLOU 6<\/span>\u00a0:<\/strong> <span style=\"color: #ee393c;\">ARGAN\u00d6L, BIO-HONIG UND WALNUSSKERNE<\/span><\/p>\n<ul>\n<li>OHNE ZUCKER<\/li>\n<li>OHNE ZUSATZSTOFFE<\/li>\n<li>OHNE KONSERVIERUNGSSTOFFE<\/li>\n<\/ul>\n<p>Unser <span style=\"color: #944a4f;\">AMLOU 6<\/span>\u00a0ist eine Kreation auf Basis von <span style=\"color: #944a4f;\">Argan\u00f6l, BIO-Honig und Walnusskerne <span style=\"color: #333333;\">mit purem und nat\u00fcrlichem Geschmack<\/span><\/span><span style=\"color: #333333;\">.<\/span><br \/>\nBekannt f\u00fcr seine gesunden Eigenschaften, Amlou ist hervorragend zum Fr\u00fchst\u00fcck oder als St\u00e4rkung zwischendurch.<br \/>\nWir empfehlen Ihnen, Amlou vor Gebrauch gut umzur\u00fchren, bis Sie eine homogene Konsistenz erhalten.<\/p>\n<p>&nbsp;<\/p>\n<p>&nbsp;<\/p>\n","protected":false},"excerpt":{"rendered":"<p>AMLOU 6\u00a0: ARGAN\u00d6L, BIO-HONIG UND WALNUSSKERNE OHNE ZUCKER OHNE ZUSATZSTOFFE OHNE KONSERVIERUNGSSTOFFE Unser AMLOU 6\u00a0ist eine Kreation auf Basis von Argan\u00f6l, BIO-Honig und Walnusskerne mit purem und nat\u00fcrlichem Geschmack. Bekannt f\u00fcr seine gesunden Eigenschaften, Amlou ist hervorragend zum Fr\u00fchst\u00fcck oder als St\u00e4rkung zwischendurch. Wir empfehlen Ihnen, Amlou vor Gebrauch gut umzur\u00fchren, bis Sie eine homogene [&hellip;]<\/p>\n","protected":false},"featured_media":6863,"template":"","meta":[],"product_cat":[625,611],"product_tag":[],"_links":{"self":[{"href":"https:\/\/ecologicalfarming.ma\/index.php?rest_route=\/wp\/v2\/product\/9235"}],"collection":[{"href":"https:\/\/ecologicalfarming.ma\/index.php?rest_route=\/wp\/v2\/product"}],"about":[{"href":"https:\/\/ecologicalfarming.ma\/index.php?rest_route=\/wp\/v2\/types\/product"}],"wp:featuredmedia":[{"embeddable":true,"href":"https:\/\/ecologicalfarming.ma\/index.php?rest_route=\/wp\/v2\/media\/6863"}],"wp:attachment":[{"href":"https:\/\/ecologicalfarming.ma\/index.php?rest_route=%2Fwp%2Fv2%2Fmedia&parent=9235"}],"wp:term":[{"taxonomy":"product_cat","embeddable":true,"href":"https:\/\/ecologicalfarming.ma\/index.php?rest_route=%2Fwp%2Fv2%2Fproduct_cat&post=9235"},{"taxonomy":"product_tag","embeddable":true,"href":"https:\/\/ecologicalfarming.ma\/index.php?rest_route=%2Fwp%2Fv2%2Fproduct_tag&post=9235"}],"curies":[{"name":"wp","href":"https:\/\/api.w.org\/{rel}","templated":true}]}}