{"id":8712,"date":"2021-05-06T00:31:32","date_gmt":"2021-05-06T00:31:32","guid":{"rendered":"https:\/\/ecologicalfarming.ma\/?post_type=product&#038;p=8712"},"modified":"2021-07-25T21:10:46","modified_gmt":"2021-07-25T21:10:46","slug":"500gr-vollkornghirse","status":"publish","type":"product","link":"https:\/\/ecologicalfarming.ma\/?product=500gr-vollkornghirse","title":{"rendered":"<\/span> <br><span style=\"color: #ee393c;\">VOLLKORNGHIRSE<\/span><br><br><span style=\"color: #944a4f;\">\u2666  Weight : 500Gr<\/span>"},"content":{"rendered":"<p><strong><span style=\"color: #944a4f;\">\u2022 VOLLKORNGHIRSE<\/span><\/strong><\/p>\n<ul>\n<li>OHNE ZUSATSSTOFFE<\/li>\n<li>OHNE KONSERVIERUNGSSTOFFE<\/li>\n<\/ul>\n<p>Unsere <span style=\"color: #944a4f;\">BIO-Hirse<\/span> ist sonnengereift geerntet und \u00fcberzeugt durch ihren puren und nat\u00fcrlichen Geschmack.<br \/>\nDieses naturbelasse n\u00e4hrstoffreiche und vielseitig anwendbare Produkt findet seinen Weg unver\u00e4ndert von unserem Acker direkt in Ihre K\u00fcche.<\/p>\n","protected":false},"excerpt":{"rendered":"<p>\u2022 VOLLKORNGHIRSE OHNE ZUSATSSTOFFE OHNE KONSERVIERUNGSSTOFFE Unsere BIO-Hirse ist sonnengereift geerntet und \u00fcberzeugt durch ihren puren und nat\u00fcrlichen Geschmack. Dieses naturbelasse n\u00e4hrstoffreiche und vielseitig anwendbare Produkt findet seinen Weg unver\u00e4ndert von unserem Acker direkt in Ihre K\u00fcche.<\/p>\n","protected":false},"featured_media":6381,"template":"","meta":[],"product_cat":[633,776],"product_tag":[],"_links":{"self":[{"href":"https:\/\/ecologicalfarming.ma\/index.php?rest_route=\/wp\/v2\/product\/8712"}],"collection":[{"href":"https:\/\/ecologicalfarming.ma\/index.php?rest_route=\/wp\/v2\/product"}],"about":[{"href":"https:\/\/ecologicalfarming.ma\/index.php?rest_route=\/wp\/v2\/types\/product"}],"wp:featuredmedia":[{"embeddable":true,"href":"https:\/\/ecologicalfarming.ma\/index.php?rest_route=\/wp\/v2\/media\/6381"}],"wp:attachment":[{"href":"https:\/\/ecologicalfarming.ma\/index.php?rest_route=%2Fwp%2Fv2%2Fmedia&parent=8712"}],"wp:term":[{"taxonomy":"product_cat","embeddable":true,"href":"https:\/\/ecologicalfarming.ma\/index.php?rest_route=%2Fwp%2Fv2%2Fproduct_cat&post=8712"},{"taxonomy":"product_tag","embeddable":true,"href":"https:\/\/ecologicalfarming.ma\/index.php?rest_route=%2Fwp%2Fv2%2Fproduct_tag&post=8712"}],"curies":[{"name":"wp","href":"https:\/\/api.w.org\/{rel}","templated":true}]}}