{"id":8709,"date":"2021-05-06T00:31:16","date_gmt":"2021-05-06T00:31:16","guid":{"rendered":"https:\/\/ecologicalfarming.ma\/?post_type=product&#038;p=8709"},"modified":"2021-07-25T21:21:47","modified_gmt":"2021-07-25T21:21:47","slug":"20a9-maisvolikorn","status":"publish","type":"product","link":"https:\/\/ecologicalfarming.ma\/?product=20a9-maisvolikorn","title":{"rendered":"<\/span> <br><span style=\"color: #ee393c;\">MAISVOLLKORN<\/span><br><br><span style=\"color: #944a4f;\">\u2666  Weight : 500Gr<\/span>"},"content":{"rendered":"<p><strong><span style=\"color: #944a4f;\">\u2022 MAISVOLLKORN <\/span><\/strong><\/p>\n<ul>\n<li>OHNE ZUSATSSTOFFE<\/li>\n<li>OHNE KONSERVIERUNGSSTOFFE<\/li>\n<\/ul>\n<p>Unser <span style=\"color: #944a4f;\">BIO-Mais<\/span>\u00a0ist sonnengereift geerntet und \u00fcberzeugt durch seinen puren und nat\u00fcrlichen Geschmack.<br \/>\nDieses naturbelasse n\u00e4hrstoffreiche und vielseitig anwendbare Produkt findet seinen Weg unver\u00e4ndert von unserem Acker direkt in Ihre K\u00fcche.<\/p>\n<p>&nbsp;<\/p>\n","protected":false},"excerpt":{"rendered":"<p>\u2022 MAISVOLLKORN OHNE ZUSATSSTOFFE OHNE KONSERVIERUNGSSTOFFE Unser BIO-Mais\u00a0ist sonnengereift geerntet und \u00fcberzeugt durch seinen puren und nat\u00fcrlichen Geschmack. Dieses naturbelasse n\u00e4hrstoffreiche und vielseitig anwendbare Produkt findet seinen Weg unver\u00e4ndert von unserem Acker direkt in Ihre K\u00fcche. &nbsp;<\/p>\n","protected":false},"featured_media":5505,"template":"","meta":[],"product_cat":[633,776],"product_tag":[],"_links":{"self":[{"href":"https:\/\/ecologicalfarming.ma\/index.php?rest_route=\/wp\/v2\/product\/8709"}],"collection":[{"href":"https:\/\/ecologicalfarming.ma\/index.php?rest_route=\/wp\/v2\/product"}],"about":[{"href":"https:\/\/ecologicalfarming.ma\/index.php?rest_route=\/wp\/v2\/types\/product"}],"wp:featuredmedia":[{"embeddable":true,"href":"https:\/\/ecologicalfarming.ma\/index.php?rest_route=\/wp\/v2\/media\/5505"}],"wp:attachment":[{"href":"https:\/\/ecologicalfarming.ma\/index.php?rest_route=%2Fwp%2Fv2%2Fmedia&parent=8709"}],"wp:term":[{"taxonomy":"product_cat","embeddable":true,"href":"https:\/\/ecologicalfarming.ma\/index.php?rest_route=%2Fwp%2Fv2%2Fproduct_cat&post=8709"},{"taxonomy":"product_tag","embeddable":true,"href":"https:\/\/ecologicalfarming.ma\/index.php?rest_route=%2Fwp%2Fv2%2Fproduct_tag&post=8709"}],"curies":[{"name":"wp","href":"https:\/\/api.w.org\/{rel}","templated":true}]}}