{"id":8701,"date":"2021-05-06T00:30:25","date_gmt":"2021-05-06T00:30:25","guid":{"rendered":"https:\/\/ecologicalfarming.ma\/?post_type=product&#038;p=8701"},"modified":"2021-07-25T21:08:38","modified_gmt":"2021-07-25T21:08:38","slug":"poids-500gr%e2%99%a6-feves-moulues-copie","status":"publish","type":"product","link":"https:\/\/ecologicalfarming.ma\/?product=poids-500gr%e2%99%a6-feves-moulues-copie","title":{"rendered":"<\/span> <br><span style=\"color: #ee393c;\">FEVES MOULUES<\/span><br><br><span style=\"color: #944a4f;\">\u2666  Weight : 500Gr<\/span>"},"content":{"rendered":"<p><span style=\"color: #944a4f;\">\u2022\u00a0 F\u00c8VES MOULUES<\/span><\/p>\n<ul>\n<li>SANS ADDITIFS<\/li>\n<li>SANS CONSERVATEURS<\/li>\n<\/ul>\n<p>Nos <span style=\"color: #944a4f;\">f\u00e8ves<\/span> de qualit\u00e9 BIO m\u00fbries au soleil disposent d\u2019une saveur pure et naturelle.<br \/>\nCe produit riche en nutriments essentiels trouve donc son chemin directement de la fourche \u00e0 la fourchette.<\/p>\n","protected":false},"excerpt":{"rendered":"<p>\u2022\u00a0 F\u00c8VES MOULUES SANS ADDITIFS SANS CONSERVATEURS Nos f\u00e8ves de qualit\u00e9 BIO m\u00fbries au soleil disposent d\u2019une saveur pure et naturelle. Ce produit riche en nutriments essentiels trouve donc son chemin directement de la fourche \u00e0 la fourchette.<\/p>\n","protected":false},"featured_media":6393,"template":"","meta":[],"product_cat":[349,633,776],"product_tag":[],"_links":{"self":[{"href":"https:\/\/ecologicalfarming.ma\/index.php?rest_route=\/wp\/v2\/product\/8701"}],"collection":[{"href":"https:\/\/ecologicalfarming.ma\/index.php?rest_route=\/wp\/v2\/product"}],"about":[{"href":"https:\/\/ecologicalfarming.ma\/index.php?rest_route=\/wp\/v2\/types\/product"}],"wp:featuredmedia":[{"embeddable":true,"href":"https:\/\/ecologicalfarming.ma\/index.php?rest_route=\/wp\/v2\/media\/6393"}],"wp:attachment":[{"href":"https:\/\/ecologicalfarming.ma\/index.php?rest_route=%2Fwp%2Fv2%2Fmedia&parent=8701"}],"wp:term":[{"taxonomy":"product_cat","embeddable":true,"href":"https:\/\/ecologicalfarming.ma\/index.php?rest_route=%2Fwp%2Fv2%2Fproduct_cat&post=8701"},{"taxonomy":"product_tag","embeddable":true,"href":"https:\/\/ecologicalfarming.ma\/index.php?rest_route=%2Fwp%2Fv2%2Fproduct_tag&post=8701"}],"curies":[{"name":"wp","href":"https:\/\/api.w.org\/{rel}","templated":true}]}}