{"id":8614,"date":"2021-05-04T18:05:51","date_gmt":"2021-05-04T18:05:51","guid":{"rendered":"https:\/\/ecologicalfarming.ma\/?post_type=product&#038;p=8614"},"modified":"2021-07-24T23:45:58","modified_gmt":"2021-07-24T23:45:58","slug":"gewicht-500gr-dattelpaste","status":"publish","type":"product","link":"https:\/\/ecologicalfarming.ma\/?product=gewicht-500gr-dattelpaste","title":{"rendered":"<\/span> <br><span style=\"color: #ee393c;\">DATTELPASTE<\/span><br><br><span style=\"color: #944a4f;\">Gewicht : 500Gr<\/span>"},"content":{"rendered":"<p><span style=\"color: #944a4f;\">\u00a0 \u00a0 <strong>\u00a0 \u2022\u00a0 DATTELPASTE :\u00a0 <\/strong><\/span><span style=\"color: #ee393c;\">100% DATTELN<\/span><\/p>\n<ul>\n<li>OHNE ZUCKER<\/li>\n<li>OHNE \u00d6L<\/li>\n<li>OHNE BUTTER<\/li>\n<li>OHNE ZUSATSSTOFFE<\/li>\n<li>OHNE KONSERVIERUNGSSTOFFE<\/li>\n<\/ul>\n<p>Unsere <span style=\"color: #944a4f;\">DATTELPASTE<\/span> ist eine kreation auf Basis von BIO-datteln mit purem und nat\u00fcrlichem fruchtgeschmack.<br \/>\nDamit k\u00f6nnen ie beispielsweise joghurt,desserts und Eis ganz nat\u00fcrlich aromatisieren oder k\u00f6stliche kuchen, torten und pralinen zaubern.<\/p>\n<p>&nbsp;<\/p>\n","protected":false},"excerpt":{"rendered":"<p>\u00a0 \u00a0 \u00a0 \u2022\u00a0 DATTELPASTE :\u00a0 100% DATTELN OHNE ZUCKER OHNE \u00d6L OHNE BUTTER OHNE ZUSATSSTOFFE OHNE KONSERVIERUNGSSTOFFE Unsere DATTELPASTE ist eine kreation auf Basis von BIO-datteln mit purem und nat\u00fcrlichem fruchtgeschmack. Damit k\u00f6nnen ie beispielsweise joghurt,desserts und Eis ganz nat\u00fcrlich aromatisieren oder k\u00f6stliche kuchen, torten und pralinen zaubern. &nbsp;<\/p>\n","protected":false},"featured_media":8215,"template":"","meta":[],"product_cat":[633,770],"product_tag":[],"_links":{"self":[{"href":"https:\/\/ecologicalfarming.ma\/index.php?rest_route=\/wp\/v2\/product\/8614"}],"collection":[{"href":"https:\/\/ecologicalfarming.ma\/index.php?rest_route=\/wp\/v2\/product"}],"about":[{"href":"https:\/\/ecologicalfarming.ma\/index.php?rest_route=\/wp\/v2\/types\/product"}],"wp:featuredmedia":[{"embeddable":true,"href":"https:\/\/ecologicalfarming.ma\/index.php?rest_route=\/wp\/v2\/media\/8215"}],"wp:attachment":[{"href":"https:\/\/ecologicalfarming.ma\/index.php?rest_route=%2Fwp%2Fv2%2Fmedia&parent=8614"}],"wp:term":[{"taxonomy":"product_cat","embeddable":true,"href":"https:\/\/ecologicalfarming.ma\/index.php?rest_route=%2Fwp%2Fv2%2Fproduct_cat&post=8614"},{"taxonomy":"product_tag","embeddable":true,"href":"https:\/\/ecologicalfarming.ma\/index.php?rest_route=%2Fwp%2Fv2%2Fproduct_tag&post=8614"}],"curies":[{"name":"wp","href":"https:\/\/api.w.org\/{rel}","templated":true}]}}