{"id":8612,"date":"2021-05-04T17:58:10","date_gmt":"2021-05-04T17:58:10","guid":{"rendered":"https:\/\/ecologicalfarming.ma\/?post_type=product&#038;p=8612"},"modified":"2021-07-24T23:45:23","modified_gmt":"2021-07-24T23:45:23","slug":"gewicht-500gr-mandel-past","status":"publish","type":"product","link":"https:\/\/ecologicalfarming.ma\/?product=gewicht-500gr-mandel-past","title":{"rendered":"<\/span> <br><span style=\"color: #ee393c;\">MANDELPASTE<\/span><br><br><span style=\"color: #944a4f;\">Gewicht : 500Gr<\/span>"},"content":{"rendered":"<p><span style=\"color: #944a4f;\">\u00a0 \u00a0 <strong>\u00a0 \u2022\u00a0 MANDEL PASTE : <\/strong><\/span><span style=\"color: #ee393c;\">\u00a0100% MANDEL\u00a0<\/span><\/p>\n<ul>\n<li>OHNE ZUCKER<\/li>\n<li>OHNE \u00d6L<\/li>\n<li>OHNE BUTTER<\/li>\n<li>OHNE ZUSATSSTOFFE<\/li>\n<li>OHNE KONSERVIERUNGSSTOFFE<\/li>\n<\/ul>\n<p>Unsere <span style=\"color: #944a4f;\">MANDEL PASTE<\/span> ist eine kreation auf basis von BIO-Mandeln mit purem und nat\u00fcrlichem fruchtgeschmack.<br \/>\nDamit k\u00f6nnen sie beispielsweise joghurt, desserts und eis ganz nat\u00fcrlich aromatisieren oder k\u00f6stliche kuchen, torten und pralinen<br \/>\nzaubern.<\/p>\n<p>&nbsp;<\/p>\n","protected":false},"excerpt":{"rendered":"<p>\u00a0 \u00a0 \u00a0 \u2022\u00a0 MANDEL PASTE : \u00a0100% MANDEL\u00a0 OHNE ZUCKER OHNE \u00d6L OHNE BUTTER OHNE ZUSATSSTOFFE OHNE KONSERVIERUNGSSTOFFE Unsere MANDEL PASTE ist eine kreation auf basis von BIO-Mandeln mit purem und nat\u00fcrlichem fruchtgeschmack. Damit k\u00f6nnen sie beispielsweise joghurt, desserts und eis ganz nat\u00fcrlich aromatisieren oder k\u00f6stliche kuchen, torten und pralinen zaubern. &nbsp;<\/p>\n","protected":false},"featured_media":8218,"template":"","meta":[],"product_cat":[633,770],"product_tag":[],"_links":{"self":[{"href":"https:\/\/ecologicalfarming.ma\/index.php?rest_route=\/wp\/v2\/product\/8612"}],"collection":[{"href":"https:\/\/ecologicalfarming.ma\/index.php?rest_route=\/wp\/v2\/product"}],"about":[{"href":"https:\/\/ecologicalfarming.ma\/index.php?rest_route=\/wp\/v2\/types\/product"}],"wp:featuredmedia":[{"embeddable":true,"href":"https:\/\/ecologicalfarming.ma\/index.php?rest_route=\/wp\/v2\/media\/8218"}],"wp:attachment":[{"href":"https:\/\/ecologicalfarming.ma\/index.php?rest_route=%2Fwp%2Fv2%2Fmedia&parent=8612"}],"wp:term":[{"taxonomy":"product_cat","embeddable":true,"href":"https:\/\/ecologicalfarming.ma\/index.php?rest_route=%2Fwp%2Fv2%2Fproduct_cat&post=8612"},{"taxonomy":"product_tag","embeddable":true,"href":"https:\/\/ecologicalfarming.ma\/index.php?rest_route=%2Fwp%2Fv2%2Fproduct_tag&post=8612"}],"curies":[{"name":"wp","href":"https:\/\/api.w.org\/{rel}","templated":true}]}}