{"id":8609,"date":"2021-05-04T17:39:54","date_gmt":"2021-05-04T17:39:54","guid":{"rendered":"https:\/\/ecologicalfarming.ma\/?post_type=product&#038;p=8609"},"modified":"2021-07-24T23:42:27","modified_gmt":"2021-07-24T23:42:27","slug":"gewicht-500gr-kokosnusspaste","status":"publish","type":"product","link":"https:\/\/ecologicalfarming.ma\/?product=gewicht-500gr-kokosnusspaste","title":{"rendered":"<\/span> <br><span style=\"color: #ee393c;\">KOKOSNUSSPASTE<\/span><br><br><span style=\"color: #944a4f;\">Gewicht : 500Gr<\/span>"},"content":{"rendered":"<p><span style=\"color: #944a4f;\">\u00a0 \u00a0 <strong>\u00a0 \u2022\u00a0 KOKOSNUSSPASTE\u00a0: <\/strong><\/span><span style=\"color: #ee393c;\">\u00a0100% KOKOSNUSS\u00a0\u00a0<\/span><\/p>\n<ul>\n<li>OHNE ZUCKER<\/li>\n<li>OHNE \u00d6L<\/li>\n<li>OHNE BUTTER<\/li>\n<li>OHNE ZUSATSSTOFFE<\/li>\n<li>OHNE KONSERVIERUNGSSTOFFE<\/li>\n<\/ul>\n<p>Unsere <span style=\"color: #944a4f;\">KOKOSNUSSPASTE <\/span>\u00a0ist eine Kreation auf Basis von BIO-Kokosnuss mit purem und nat\u00fcrlichem Fruchtgeschmack.<br \/>\nDamit k\u00f6nnen ie beispielsweise joghurt,desserts und Eis ganz nat\u00fcrlich aromatisieren oder k\u00f6stliche kuchen, torten und pralinen zaubern.<\/p>\n<p>&nbsp;<\/p>\n","protected":false},"excerpt":{"rendered":"<p>\u00a0 \u00a0 \u00a0 \u2022\u00a0 KOKOSNUSSPASTE\u00a0: \u00a0100% KOKOSNUSS\u00a0\u00a0 OHNE ZUCKER OHNE \u00d6L OHNE BUTTER OHNE ZUSATSSTOFFE OHNE KONSERVIERUNGSSTOFFE Unsere KOKOSNUSSPASTE \u00a0ist eine Kreation auf Basis von BIO-Kokosnuss mit purem und nat\u00fcrlichem Fruchtgeschmack. Damit k\u00f6nnen ie beispielsweise joghurt,desserts und Eis ganz nat\u00fcrlich aromatisieren oder k\u00f6stliche kuchen, torten und pralinen zaubern. &nbsp;<\/p>\n","protected":false},"featured_media":8211,"template":"","meta":[],"product_cat":[633,770],"product_tag":[],"_links":{"self":[{"href":"https:\/\/ecologicalfarming.ma\/index.php?rest_route=\/wp\/v2\/product\/8609"}],"collection":[{"href":"https:\/\/ecologicalfarming.ma\/index.php?rest_route=\/wp\/v2\/product"}],"about":[{"href":"https:\/\/ecologicalfarming.ma\/index.php?rest_route=\/wp\/v2\/types\/product"}],"wp:featuredmedia":[{"embeddable":true,"href":"https:\/\/ecologicalfarming.ma\/index.php?rest_route=\/wp\/v2\/media\/8211"}],"wp:attachment":[{"href":"https:\/\/ecologicalfarming.ma\/index.php?rest_route=%2Fwp%2Fv2%2Fmedia&parent=8609"}],"wp:term":[{"taxonomy":"product_cat","embeddable":true,"href":"https:\/\/ecologicalfarming.ma\/index.php?rest_route=%2Fwp%2Fv2%2Fproduct_cat&post=8609"},{"taxonomy":"product_tag","embeddable":true,"href":"https:\/\/ecologicalfarming.ma\/index.php?rest_route=%2Fwp%2Fv2%2Fproduct_tag&post=8609"}],"curies":[{"name":"wp","href":"https:\/\/api.w.org\/{rel}","templated":true}]}}