{"id":8597,"date":"2021-05-04T12:13:20","date_gmt":"2021-05-04T12:13:20","guid":{"rendered":"https:\/\/ecologicalfarming.ma\/?post_type=product&#038;p=8597"},"modified":"2021-07-24T23:26:44","modified_gmt":"2021-07-24T23:26:44","slug":"gewicht-120gr-low-carb-muesli","status":"publish","type":"product","link":"https:\/\/ecologicalfarming.ma\/?product=gewicht-120gr-low-carb-muesli","title":{"rendered":"<\/span> <br><span style=\"color: #ee393c;\">LOW-CARB M\u00dcSLI<\/span><br><br><span style=\"color: #944a4f;\">Gewicht : 120Gr<\/span>"},"content":{"rendered":"<ul>\n<li><strong><span style=\"color: #944a4f;\">LOW-CARB M\u00dcSLI <\/span>\u00a0: <\/strong><span style=\"color: #fa5558;\">100% NUSSKERNMISCHUNG,K\u00d6RNER UND SAMEN<\/span><\/li>\n<\/ul>\n<ul>\n<li>OHNE ZUCKER<\/li>\n<li>OHNE ZUSATSSTOFFE<\/li>\n<li>OHNE KONSERVIERUNGSSTOFFE<\/li>\n<\/ul>\n<p>Unser <span style=\"color: #944a4f;\">LOW-CARB M\u00dcSLI<\/span> ist eine zuckerfreie kreation auf basis von n\u00fcssen, k\u00f6rnern und samen mit purem und nat\u00fcrlichem geschmack. Aus unserem LOWCARB M\u00dcSLI k\u00f6nnen sie ein gesundes, leckeres und abwechslungsreiches fr\u00fchst\u00fcck ganz nach Ihrem geschmack zaubern.<br \/>\nGreifen Sie am besten zu frischem obst mit einem geringen zuckergehalt wie beispielsweise aprikosen, avocado oder Beerenobst.<br \/>\n<span style=\"color: #fa5558;\">Unser Tipp : <\/span> Runden sie Ihr M\u00fcsli mit Milchprodukten ab und verfeinern sie es mit zimt, vanille oder ihrem lieblingsgew\u00fcrz.<\/p>\n","protected":false},"excerpt":{"rendered":"<p>LOW-CARB M\u00dcSLI \u00a0: 100% NUSSKERNMISCHUNG,K\u00d6RNER UND SAMEN OHNE ZUCKER OHNE ZUSATSSTOFFE OHNE KONSERVIERUNGSSTOFFE Unser LOW-CARB M\u00dcSLI ist eine zuckerfreie kreation auf basis von n\u00fcssen, k\u00f6rnern und samen mit purem und nat\u00fcrlichem geschmack. Aus unserem LOWCARB M\u00dcSLI k\u00f6nnen sie ein gesundes, leckeres und abwechslungsreiches fr\u00fchst\u00fcck ganz nach Ihrem geschmack zaubern. Greifen Sie am besten zu frischem [&hellip;]<\/p>\n","protected":false},"featured_media":6769,"template":"","meta":[],"product_cat":[633,636],"product_tag":[],"_links":{"self":[{"href":"https:\/\/ecologicalfarming.ma\/index.php?rest_route=\/wp\/v2\/product\/8597"}],"collection":[{"href":"https:\/\/ecologicalfarming.ma\/index.php?rest_route=\/wp\/v2\/product"}],"about":[{"href":"https:\/\/ecologicalfarming.ma\/index.php?rest_route=\/wp\/v2\/types\/product"}],"wp:featuredmedia":[{"embeddable":true,"href":"https:\/\/ecologicalfarming.ma\/index.php?rest_route=\/wp\/v2\/media\/6769"}],"wp:attachment":[{"href":"https:\/\/ecologicalfarming.ma\/index.php?rest_route=%2Fwp%2Fv2%2Fmedia&parent=8597"}],"wp:term":[{"taxonomy":"product_cat","embeddable":true,"href":"https:\/\/ecologicalfarming.ma\/index.php?rest_route=%2Fwp%2Fv2%2Fproduct_cat&post=8597"},{"taxonomy":"product_tag","embeddable":true,"href":"https:\/\/ecologicalfarming.ma\/index.php?rest_route=%2Fwp%2Fv2%2Fproduct_tag&post=8597"}],"curies":[{"name":"wp","href":"https:\/\/api.w.org\/{rel}","templated":true}]}}