{"id":8586,"date":"2021-05-04T08:42:24","date_gmt":"2021-05-04T08:42:24","guid":{"rendered":"https:\/\/ecologicalfarming.ma\/?post_type=product&#038;p=8586"},"modified":"2021-07-24T22:56:44","modified_gmt":"2021-07-24T22:56:44","slug":"gewicht-500gr-zammita-3","status":"publish","type":"product","link":"https:\/\/ecologicalfarming.ma\/?product=gewicht-500gr-zammita-3","title":{"rendered":"<\/span> <br><span style=\"color: #ee393c;\">ZAMMITA 3<\/span><br><br><span style=\"color: #944a4f;\">Gewicht : 500Gr<\/span>"},"content":{"rendered":"<p><span style=\"color: #944a4f;\">\u2022\u00a0 ZAMMITA 3 : <\/span><span style=\"color: #ee393c;\">MAIS UND SAMEN<br \/>\n<\/span><\/p>\n<ul>\n<li>OHNE ZUCKER<\/li>\n<li>OHNE \u00d6L<\/li>\n<li>OHNE BUTTER<\/li>\n<li>OHNE ZUSATSSTOFFE<\/li>\n<li>OHNE KONSERVIERUNGSSTOFFE<\/li>\n<\/ul>\n<p>Unsere<span style=\"color: #944a4f;\"> ZAMMITA 3<\/span> ist eine kreation auf basis von mais und samen.<br \/>\nDiese 100% nat\u00fcrlichen zutaten der qualit\u00e4t BIO aus eigenem anbau wurden vollst\u00e4ndig mit deren n\u00e4hrstoffreichen schalen ohne zugabe von salz oder zucker schonend verarbeitet.<br \/>\nGenie\u00dfen diese schmackhafte und gesunde kreation, die au\u00dferdem reich an komplexen kohlenhydraten mit niedrigem glyk\u00e4mischen index (werden langsam verdaut und fungieren als treibstoff f\u00fcr muskeln und gehirn), ballastoffen, aminos\u00e4uren, mineralien und vitaminen u.a. ist.<\/p>\n<p>&nbsp;<\/p>\n<p>&nbsp;<\/p>\n<p>&nbsp;<\/p>\n","protected":false},"excerpt":{"rendered":"<p>\u2022\u00a0 ZAMMITA 3 : MAIS UND SAMEN OHNE ZUCKER OHNE \u00d6L OHNE BUTTER OHNE ZUSATSSTOFFE OHNE KONSERVIERUNGSSTOFFE Unsere ZAMMITA 3 ist eine kreation auf basis von mais und samen. Diese 100% nat\u00fcrlichen zutaten der qualit\u00e4t BIO aus eigenem anbau wurden vollst\u00e4ndig mit deren n\u00e4hrstoffreichen schalen ohne zugabe von salz oder zucker schonend verarbeitet. Genie\u00dfen diese [&hellip;]<\/p>\n","protected":false},"featured_media":7868,"template":"","meta":[],"product_cat":[633,641],"product_tag":[],"_links":{"self":[{"href":"https:\/\/ecologicalfarming.ma\/index.php?rest_route=\/wp\/v2\/product\/8586"}],"collection":[{"href":"https:\/\/ecologicalfarming.ma\/index.php?rest_route=\/wp\/v2\/product"}],"about":[{"href":"https:\/\/ecologicalfarming.ma\/index.php?rest_route=\/wp\/v2\/types\/product"}],"wp:featuredmedia":[{"embeddable":true,"href":"https:\/\/ecologicalfarming.ma\/index.php?rest_route=\/wp\/v2\/media\/7868"}],"wp:attachment":[{"href":"https:\/\/ecologicalfarming.ma\/index.php?rest_route=%2Fwp%2Fv2%2Fmedia&parent=8586"}],"wp:term":[{"taxonomy":"product_cat","embeddable":true,"href":"https:\/\/ecologicalfarming.ma\/index.php?rest_route=%2Fwp%2Fv2%2Fproduct_cat&post=8586"},{"taxonomy":"product_tag","embeddable":true,"href":"https:\/\/ecologicalfarming.ma\/index.php?rest_route=%2Fwp%2Fv2%2Fproduct_tag&post=8586"}],"curies":[{"name":"wp","href":"https:\/\/api.w.org\/{rel}","templated":true}]}}