{"id":8539,"date":"2021-05-02T17:14:08","date_gmt":"2021-05-02T17:14:08","guid":{"rendered":"https:\/\/ecologicalfarming.ma\/?post_type=product&#038;p=8539"},"modified":"2021-07-24T23:38:03","modified_gmt":"2021-07-24T23:38:03","slug":"r-dried-seedlings-copie","status":"publish","type":"product","link":"https:\/\/ecologicalfarming.ma\/?product=r-dried-seedlings-copie","title":{"rendered":"<\/span> <br><span style=\"color: #ee393c;\">KEIMLINGE IN PULVERFORM<\/span><br><br><span style=\"color: #944a4f;\">Gewicht : 120Gr<\/span>"},"content":{"rendered":"<p><span style=\"color: #fa5558;\">\u00a0 \u00a0 \u00a0 <strong><span style=\"color: #944a4f;\">\u2022\u00a0 KEIMLINGE IN PULVERFORM :<\/span> <\/strong>Nat\u00fcrliches Nahrungserg\u00e4nzungsmittel reich an Mikron\u00e4hrstoffen<\/span><\/p>\n<ul>\n<li>OHNE ZUCKER<\/li>\n<li>OHNE LAKTOSE<\/li>\n<li>OHNE GLUTEN<\/li>\n<li>OHNE ZUSATSSTOFFE<\/li>\n<li>OHNE KONSERVIERUNGSSTOFFE<\/li>\n<\/ul>\n<p>Unsere <span style=\"color: #fa5558;\"><span style=\"color: #944a4f;\">KEIMLINGE IN PULVERFORM<\/span><\/span> stammen aus naturbelassenen BIOSamensorten aus eigenem Anbau.<\/p>\n<p>Genie\u00dfen diese schmackhafte und gesunde Kreation als nat\u00fcrliches Nahrungserg\u00e4nzungsmittel zur regul\u00e4ren Ern\u00e4hrung.<\/p>\n<p>Geben dieses Produkts zu warmen Gerichten (Vegetarische Speisen, Eiergerichte, Suppen etc.) so sp\u00e4t wie m\u00f6glich oder als Garnitur erst beim Anrichten zu, damit die darin enthaltenen Vitalstoffe erhalten bleiben.<\/p>\n<p><span style=\"color: #fa5558;\"><strong>Achtung : <\/strong><\/span>Dieses Produkt nicht kochen, da sonst die gesunden Vitalstoffe durch Hitze verloren gehen!<\/p>\n","protected":false},"excerpt":{"rendered":"<p>\u00a0 \u00a0 \u00a0 \u2022\u00a0 KEIMLINGE IN PULVERFORM : Nat\u00fcrliches Nahrungserg\u00e4nzungsmittel reich an Mikron\u00e4hrstoffen OHNE ZUCKER OHNE LAKTOSE OHNE GLUTEN OHNE ZUSATSSTOFFE OHNE KONSERVIERUNGSSTOFFE Unsere KEIMLINGE IN PULVERFORM stammen aus naturbelassenen BIOSamensorten aus eigenem Anbau. Genie\u00dfen diese schmackhafte und gesunde Kreation als nat\u00fcrliches Nahrungserg\u00e4nzungsmittel zur regul\u00e4ren Ern\u00e4hrung. Geben dieses Produkts zu warmen Gerichten (Vegetarische Speisen, Eiergerichte, [&hellip;]<\/p>\n","protected":false},"featured_media":6776,"template":"","meta":[],"product_cat":[633,637],"product_tag":[],"_links":{"self":[{"href":"https:\/\/ecologicalfarming.ma\/index.php?rest_route=\/wp\/v2\/product\/8539"}],"collection":[{"href":"https:\/\/ecologicalfarming.ma\/index.php?rest_route=\/wp\/v2\/product"}],"about":[{"href":"https:\/\/ecologicalfarming.ma\/index.php?rest_route=\/wp\/v2\/types\/product"}],"wp:featuredmedia":[{"embeddable":true,"href":"https:\/\/ecologicalfarming.ma\/index.php?rest_route=\/wp\/v2\/media\/6776"}],"wp:attachment":[{"href":"https:\/\/ecologicalfarming.ma\/index.php?rest_route=%2Fwp%2Fv2%2Fmedia&parent=8539"}],"wp:term":[{"taxonomy":"product_cat","embeddable":true,"href":"https:\/\/ecologicalfarming.ma\/index.php?rest_route=%2Fwp%2Fv2%2Fproduct_cat&post=8539"},{"taxonomy":"product_tag","embeddable":true,"href":"https:\/\/ecologicalfarming.ma\/index.php?rest_route=%2Fwp%2Fv2%2Fproduct_tag&post=8539"}],"curies":[{"name":"wp","href":"https:\/\/api.w.org\/{rel}","templated":true}]}}