{"id":8515,"date":"2021-05-01T18:52:34","date_gmt":"2021-05-01T18:52:34","guid":{"rendered":"https:\/\/ecologicalfarming.ma\/?post_type=product&#038;p=8515"},"modified":"2021-05-03T17:24:41","modified_gmt":"2021-05-03T17:24:41","slug":"%e2%99%a6-poids-250gr%e2%99%a6broteinriegel-4","status":"publish","type":"product","link":"https:\/\/ecologicalfarming.ma\/?product=%e2%99%a6-poids-250gr%e2%99%a6broteinriegel-4","title":{"rendered":"<span style=\"color: #944a4f;\">\u2666 Gewicht : 250Gr<\/span><br><span style=\"color: #ee393c;\">\u2666 BISCUITS PROT\u00c9IN\u00c9ES 4 <\/span>"},"content":{"rendered":"<p><span style=\"color: #944a4f;\">\u2022 BROTEINRIEGEL 4\u00a0 : <span style=\"color: #ee393c;\">TROCKENFR\u00dcCHTE, SAMEN UND TRAUBEN\u00a0<\/span><\/span><\/p>\n<ul>\n<li>SANS SUCRE<\/li>\n<li>SANS ADDITIFS<\/li>\n<li>SANS CONSERVATEURS<\/li>\n<\/ul>\n<p>Unser <span style=\"color: #944a4f;\">BROTEINRIEGEL 4 <\/span>\u00a0ist eine zuckerfreie kreation auf basis von trockenfr\u00fcchten , samen und traube, mit purem und nat\u00fcrlichem geschmack.<br \/>\nDieser Snack ist reich an hochwertigen proteinen, komplexen kohlenhydraten, essentiellen fetts\u00e4uren und mineralien und eignet sich daher f\u00fcr eine gesunde Ern\u00e4hrungsweise oder als Sportlernahrung.<\/p>\n","protected":false},"excerpt":{"rendered":"<p>\u2022 BROTEINRIEGEL 4\u00a0 : TROCKENFR\u00dcCHTE, SAMEN UND TRAUBEN\u00a0 SANS SUCRE SANS ADDITIFS SANS CONSERVATEURS Unser BROTEINRIEGEL 4 \u00a0ist eine zuckerfreie kreation auf basis von trockenfr\u00fcchten , samen und traube, mit purem und nat\u00fcrlichem geschmack. Dieser Snack ist reich an hochwertigen proteinen, komplexen kohlenhydraten, essentiellen fetts\u00e4uren und mineralien und eignet sich daher f\u00fcr eine gesunde Ern\u00e4hrungsweise [&hellip;]<\/p>\n","protected":false},"featured_media":8343,"template":"","meta":[],"product_cat":[633,634],"product_tag":[],"_links":{"self":[{"href":"https:\/\/ecologicalfarming.ma\/index.php?rest_route=\/wp\/v2\/product\/8515"}],"collection":[{"href":"https:\/\/ecologicalfarming.ma\/index.php?rest_route=\/wp\/v2\/product"}],"about":[{"href":"https:\/\/ecologicalfarming.ma\/index.php?rest_route=\/wp\/v2\/types\/product"}],"wp:featuredmedia":[{"embeddable":true,"href":"https:\/\/ecologicalfarming.ma\/index.php?rest_route=\/wp\/v2\/media\/8343"}],"wp:attachment":[{"href":"https:\/\/ecologicalfarming.ma\/index.php?rest_route=%2Fwp%2Fv2%2Fmedia&parent=8515"}],"wp:term":[{"taxonomy":"product_cat","embeddable":true,"href":"https:\/\/ecologicalfarming.ma\/index.php?rest_route=%2Fwp%2Fv2%2Fproduct_cat&post=8515"},{"taxonomy":"product_tag","embeddable":true,"href":"https:\/\/ecologicalfarming.ma\/index.php?rest_route=%2Fwp%2Fv2%2Fproduct_tag&post=8515"}],"curies":[{"name":"wp","href":"https:\/\/api.w.org\/{rel}","templated":true}]}}