{"id":8514,"date":"2021-05-01T18:41:43","date_gmt":"2021-05-01T18:41:43","guid":{"rendered":"https:\/\/ecologicalfarming.ma\/?post_type=product&#038;p=8514"},"modified":"2021-05-03T17:23:26","modified_gmt":"2021-05-03T17:23:26","slug":"%e2%99%a6-gewicht-250gr%e2%99%a6broteinriegel-3","status":"publish","type":"product","link":"https:\/\/ecologicalfarming.ma\/?product=%e2%99%a6-gewicht-250gr%e2%99%a6broteinriegel-3","title":{"rendered":"<span style=\"color: #944a4f;\">\u2666 Gewicht : 250Gr<\/span><br><span style=\"color: #ee393c;\">\u2666 BROTEINRIEGEL 3<\/span>"},"content":{"rendered":"<p><span style=\"color: #944a4f;\">\u2022 BROTEINRIEGEL 3 : <span style=\"color: #ee393c;\">SEEDS, DATTELN AND ORGANIC HONEY\u00a0<\/span><\/span><\/p>\n<ul>\n<li>SANS SUCRE<\/li>\n<li>SANS ADDITIFS<\/li>\n<li>SANS CONSERVATEURS<\/li>\n<\/ul>\n<p>Unser <span style=\"color: #944a4f;\">BROTEINRIEGEL 3 <\/span>ist eine zuckerfreie kreation auf basis von seeds, datteln and organic honey mit purem und nat\u00fcrlichem Geschmack.<br \/>\nDieser Snack ist reich an hochwertigen proteinen, komplexen kohlenhydraten, essentiellen fetts\u00e4uren und mineralien und eignet sich daher f\u00fcr eine gesunde Ern\u00e4hrungsweise oder als Sportlernahrung.<\/p>\n","protected":false},"excerpt":{"rendered":"<p>&nbsp;<\/p>\n<p>&nbsp;<\/p>\n","protected":false},"featured_media":8346,"template":"","meta":[],"product_cat":[633,634],"product_tag":[],"_links":{"self":[{"href":"https:\/\/ecologicalfarming.ma\/index.php?rest_route=\/wp\/v2\/product\/8514"}],"collection":[{"href":"https:\/\/ecologicalfarming.ma\/index.php?rest_route=\/wp\/v2\/product"}],"about":[{"href":"https:\/\/ecologicalfarming.ma\/index.php?rest_route=\/wp\/v2\/types\/product"}],"wp:featuredmedia":[{"embeddable":true,"href":"https:\/\/ecologicalfarming.ma\/index.php?rest_route=\/wp\/v2\/media\/8346"}],"wp:attachment":[{"href":"https:\/\/ecologicalfarming.ma\/index.php?rest_route=%2Fwp%2Fv2%2Fmedia&parent=8514"}],"wp:term":[{"taxonomy":"product_cat","embeddable":true,"href":"https:\/\/ecologicalfarming.ma\/index.php?rest_route=%2Fwp%2Fv2%2Fproduct_cat&post=8514"},{"taxonomy":"product_tag","embeddable":true,"href":"https:\/\/ecologicalfarming.ma\/index.php?rest_route=%2Fwp%2Fv2%2Fproduct_tag&post=8514"}],"curies":[{"name":"wp","href":"https:\/\/api.w.org\/{rel}","templated":true}]}}