{"id":8504,"date":"2021-05-01T15:38:35","date_gmt":"2021-05-01T15:38:35","guid":{"rendered":"https:\/\/ecologicalfarming.ma\/?post_type=product&#038;p=8504"},"modified":"2025-08-29T15:53:34","modified_gmt":"2025-08-29T15:53:34","slug":"%e2%99%a6gewicht-250gr%e2%99%a6brpteinriegel-2","status":"publish","type":"product","link":"https:\/\/ecologicalfarming.ma\/?product=%e2%99%a6gewicht-250gr%e2%99%a6brpteinriegel-2","title":{"rendered":"<span style=\"color: #944a4f;\">\u2666 Gewicht : 250Gr<\/span><br><span style=\"color: #ee393c;\">\u2666 BROTEINRIEGEL 2\u00a0<\/span>"},"content":{"rendered":"<p><span style=\"color: #944a4f;\">BARRES P<span style=\"color: #ee393c;\"><span style=\"color: #944a4f;\">ROT\u00c9IN\u00c9ES 2 :<\/span> TROCKENFR\u00dcCHTE, SAMEN, DATTELN UND BIO HONIG<\/span><\/span><\/p>\n<ul>\n<li>OHNE ZUCKER<\/li>\n<li>OHNE ZUSATSSTOFFE<\/li>\n<li>OHNE KONSERVIERUNGSSTOFFE<\/li>\n<\/ul>\n<p>Unser <span style=\"color: #944a4f;\">BPROTEINRIEGEL 2 <\/span>ist eine zuckerfreie kreation auf basis von trockenfr\u00fcchte, samen, datteln und BIO-Honig mit purem und nat\u00fcrlichem Geschmack.<br \/>\nDieser Snack ist reich an hochwertigen Proteinen, komplexen Kohlenhydraten, essentiellen Fetts\u00e4uren und Mineralien und eignet sich daher f\u00fcr eine gesunde Ern\u00e4hrungsweise oder als Sportlernahrung.<\/p>\n<p>&nbsp;<\/p>\n","protected":false},"excerpt":{"rendered":"<p>BARRES PROT\u00c9IN\u00c9ES 2 : TROCKENFR\u00dcCHTE, SAMEN, DATTELN UND BIO HONIG OHNE ZUCKER OHNE ZUSATSSTOFFE OHNE KONSERVIERUNGSSTOFFE Unser BPROTEINRIEGEL 2 ist eine zuckerfreie kreation auf basis von trockenfr\u00fcchte, samen, datteln und BIO-Honig mit purem und nat\u00fcrlichem Geschmack. Dieser Snack ist reich an hochwertigen Proteinen, komplexen Kohlenhydraten, essentiellen Fetts\u00e4uren und Mineralien und eignet sich daher f\u00fcr eine [&hellip;]<\/p>\n","protected":false},"featured_media":8331,"template":"","meta":[],"product_cat":[633,634],"product_tag":[],"_links":{"self":[{"href":"https:\/\/ecologicalfarming.ma\/index.php?rest_route=\/wp\/v2\/product\/8504"}],"collection":[{"href":"https:\/\/ecologicalfarming.ma\/index.php?rest_route=\/wp\/v2\/product"}],"about":[{"href":"https:\/\/ecologicalfarming.ma\/index.php?rest_route=\/wp\/v2\/types\/product"}],"wp:featuredmedia":[{"embeddable":true,"href":"https:\/\/ecologicalfarming.ma\/index.php?rest_route=\/wp\/v2\/media\/8331"}],"wp:attachment":[{"href":"https:\/\/ecologicalfarming.ma\/index.php?rest_route=%2Fwp%2Fv2%2Fmedia&parent=8504"}],"wp:term":[{"taxonomy":"product_cat","embeddable":true,"href":"https:\/\/ecologicalfarming.ma\/index.php?rest_route=%2Fwp%2Fv2%2Fproduct_cat&post=8504"},{"taxonomy":"product_tag","embeddable":true,"href":"https:\/\/ecologicalfarming.ma\/index.php?rest_route=%2Fwp%2Fv2%2Fproduct_tag&post=8504"}],"curies":[{"name":"wp","href":"https:\/\/api.w.org\/{rel}","templated":true}]}}