{"id":8499,"date":"2021-05-01T14:13:58","date_gmt":"2021-05-01T14:13:58","guid":{"rendered":"https:\/\/ecologicalfarming.ma\/?post_type=product&#038;p=8499"},"modified":"2021-05-03T17:22:27","modified_gmt":"2021-05-03T17:22:27","slug":"%e2%99%a6gewicht-250gr%e2%99%a6broteinriegel-1","status":"publish","type":"product","link":"https:\/\/ecologicalfarming.ma\/?product=%e2%99%a6gewicht-250gr%e2%99%a6broteinriegel-1","title":{"rendered":"<span style=\"color: #944a4f;\">\u2666 Gewicht : 250Gr<\/span><br><span style=\"color: #ee393c;\">\u2666 PROTEINRIEGEL 1 <\/span>"},"content":{"rendered":"<p><span style=\"color: #944a4f;\">\u2022 PROTEINRIEGEL 1 <span style=\"color: #ee393c;\">: HAFERFLOCKEN, TRAUBEN, UND BIOHONIG\u00a0<\/span><\/span><\/p>\n<ul>\n<li>OHNE ZUCKER<\/li>\n<li>OHNE ZUSATSSTOFFE<\/li>\n<li>OHNE KONSERVIERUNGSSTOFFE<\/li>\n<\/ul>\n<p>Unser <span style=\"color: #944a4f;\">PROTEINRIEGEL 1 <\/span>ist eine zuckerfreie kreation auf basis von haferflocken, trauben und BIO-Honig mit purem und nat\u00fcrlichem geschmack.<br \/>\nDieser Snack ist reich an hochwertigen Proteinen, komplexen Kohlenhydraten, essentiellen Fetts\u00e4uren und Mineralien und eignet sich daher f\u00fcr eine gesunde ern\u00e4hrungsweise oder als Sportlernahrung.<\/p>\n","protected":false},"excerpt":{"rendered":"<p>\u2022 PROTEINRIEGEL 1 : HAFERFLOCKEN, TRAUBEN, UND BIOHONIG\u00a0 OHNE ZUCKER OHNE ZUSATSSTOFFE OHNE KONSERVIERUNGSSTOFFE Unser PROTEINRIEGEL 1 ist eine zuckerfreie kreation auf basis von haferflocken, trauben und BIO-Honig mit purem und nat\u00fcrlichem geschmack. Dieser Snack ist reich an hochwertigen Proteinen, komplexen Kohlenhydraten, essentiellen Fetts\u00e4uren und Mineralien und eignet sich daher f\u00fcr eine gesunde ern\u00e4hrungsweise oder [&hellip;]<\/p>\n","protected":false},"featured_media":8337,"template":"","meta":[],"product_cat":[633,634],"product_tag":[],"_links":{"self":[{"href":"https:\/\/ecologicalfarming.ma\/index.php?rest_route=\/wp\/v2\/product\/8499"}],"collection":[{"href":"https:\/\/ecologicalfarming.ma\/index.php?rest_route=\/wp\/v2\/product"}],"about":[{"href":"https:\/\/ecologicalfarming.ma\/index.php?rest_route=\/wp\/v2\/types\/product"}],"wp:featuredmedia":[{"embeddable":true,"href":"https:\/\/ecologicalfarming.ma\/index.php?rest_route=\/wp\/v2\/media\/8337"}],"wp:attachment":[{"href":"https:\/\/ecologicalfarming.ma\/index.php?rest_route=%2Fwp%2Fv2%2Fmedia&parent=8499"}],"wp:term":[{"taxonomy":"product_cat","embeddable":true,"href":"https:\/\/ecologicalfarming.ma\/index.php?rest_route=%2Fwp%2Fv2%2Fproduct_cat&post=8499"},{"taxonomy":"product_tag","embeddable":true,"href":"https:\/\/ecologicalfarming.ma\/index.php?rest_route=%2Fwp%2Fv2%2Fproduct_tag&post=8499"}],"curies":[{"name":"wp","href":"https:\/\/api.w.org\/{rel}","templated":true}]}}