{"id":8454,"date":"2021-04-30T14:14:06","date_gmt":"2021-04-30T14:14:06","guid":{"rendered":"https:\/\/ecologicalfarming.ma\/?post_type=product&#038;p=8454"},"modified":"2025-08-29T12:41:28","modified_gmt":"2025-08-29T12:41:28","slug":"11f11-sellou-11","status":"publish","type":"product","link":"https:\/\/ecologicalfarming.ma\/?product=11f11-sellou-11","title":{"rendered":"<\/span> <br><span style=\"color: #ee393c;\">SELLOU 11<\/span><br><br><span style=\"color: #944a4f;\">Gewicht : 250Gr<\/span>"},"content":{"rendered":"<p><span style=\"color: #944a4f;\"><strong>\u2666 SELLOU 11 <\/strong>:<span style=\"color: #ee393c;\"> MAIS, MANDELN UND BIO-HONIG<\/span><\/span><\/p>\n<ul>\n<li>OHNE\u00a0ZUCKER<\/li>\n<li>OHNE \u00d6L<\/li>\n<li>OHNE BUTTER<\/li>\n<li>OHNE ZUSATSSTOFFE<\/li>\n<li>OHNE KONSERVIERUNGSSTOFFE<\/li>\n<\/ul>\n<p><span style=\"color: #944a4f;\">SELLOU 11 <\/span>ist eine kreation auf Basis von <span style=\"color: #944a4f;\">Mais, Mandeln und BIO-Honig.<\/span><\/p>\n<p>Diese 100% nat\u00fcrlichen Zutaten der Qualit\u00e4t BIO aus eigenem Anbau wurden ollst\u00e4ndig mit deren n\u00e4hrstoffreichen Schalen ohne Zugabe von Salz oder Zucker schonend verarbeitet.<br \/>\nGenie\u00dfen diese schmackhafte und gesunde Kreation, die au\u00dferdem reich an Vitaminen, Mineralstoffen, Antioxidantien, Phytosterinen und unges\u00e4ttigten Fetts\u00e4uren ist.<br \/>\nUnsere SELLOU Kreationen tragen zu einem gesunden Lifestyle bei, indem sie das Nervensystem positiv beeinflussen, das kardiovaskul\u00e4re System sch\u00fctzen und zugleich das Immunsystem st\u00e4rken.<\/p>\n<p>&nbsp;<\/p>\n","protected":false},"excerpt":{"rendered":"<p>\u2666 SELLOU 11 : MAIS, MANDELN UND BIO-HONIG OHNE\u00a0ZUCKER OHNE \u00d6L OHNE BUTTER OHNE ZUSATSSTOFFE OHNE KONSERVIERUNGSSTOFFE SELLOU 11 ist eine kreation auf Basis von Mais, Mandeln und BIO-Honig. Diese 100% nat\u00fcrlichen Zutaten der Qualit\u00e4t BIO aus eigenem Anbau wurden ollst\u00e4ndig mit deren n\u00e4hrstoffreichen Schalen ohne Zugabe von Salz oder Zucker schonend verarbeitet. Genie\u00dfen diese [&hellip;]<\/p>\n","protected":false},"featured_media":8436,"template":"","meta":[],"product_cat":[633,640],"product_tag":[],"_links":{"self":[{"href":"https:\/\/ecologicalfarming.ma\/index.php?rest_route=\/wp\/v2\/product\/8454"}],"collection":[{"href":"https:\/\/ecologicalfarming.ma\/index.php?rest_route=\/wp\/v2\/product"}],"about":[{"href":"https:\/\/ecologicalfarming.ma\/index.php?rest_route=\/wp\/v2\/types\/product"}],"wp:featuredmedia":[{"embeddable":true,"href":"https:\/\/ecologicalfarming.ma\/index.php?rest_route=\/wp\/v2\/media\/8436"}],"wp:attachment":[{"href":"https:\/\/ecologicalfarming.ma\/index.php?rest_route=%2Fwp%2Fv2%2Fmedia&parent=8454"}],"wp:term":[{"taxonomy":"product_cat","embeddable":true,"href":"https:\/\/ecologicalfarming.ma\/index.php?rest_route=%2Fwp%2Fv2%2Fproduct_cat&post=8454"},{"taxonomy":"product_tag","embeddable":true,"href":"https:\/\/ecologicalfarming.ma\/index.php?rest_route=%2Fwp%2Fv2%2Fproduct_tag&post=8454"}],"curies":[{"name":"wp","href":"https:\/\/api.w.org\/{rel}","templated":true}]}}