{"id":8449,"date":"2021-04-30T13:33:22","date_gmt":"2021-04-30T13:33:22","guid":{"rendered":"https:\/\/ecologicalfarming.ma\/?post_type=product&#038;p=8449"},"modified":"2021-10-13T21:02:00","modified_gmt":"2021-10-13T21:02:00","slug":"11f6-%e2%99%a6-sellou-6","status":"publish","type":"product","link":"https:\/\/ecologicalfarming.ma\/?product=11f6-%e2%99%a6-sellou-6","title":{"rendered":"<\/span> <br><span style=\"color: #ee393c;\">SELLOU 6<\/span><br><br><span style=\"color: #944a4f;\">Gewicht : 250Gr<\/span>"},"content":{"rendered":"<p><span style=\"color: #944a4f;\"><strong>\u2666 SELLOU 6<\/strong>\u00a0:<span style=\"color: #ee393c;\"> KICHERERBSEN, JOHANNISBROTSAMEN, JUJUBE, SAMEN UND GETROCKNETE FR\u00dcCHTE <\/span><\/span><\/p>\n<ul>\n<li>OHNE GLUTEN<\/li>\n<li>OHNE ZUCKER<\/li>\n<li>OHNE \u00d6L<\/li>\n<li>OHNE BUTTER<\/li>\n<li>OHNE ZUSATSSTOFFE<\/li>\n<li>OHNE KONSERVIERUNGSSTOFFE<\/li>\n<\/ul>\n<p><span style=\"color: #944a4f;\">SELLOU 6 <\/span>ist eine kreation auf basis von kichererbsen, johannisbrotsamen, jujube, Samen und getrockneten Fr\u00fcchten.<br \/>\nDiese 100% nat\u00fcrlichen zutaten der qualit\u00e4t BIO aus eigenem anbau wurden vollst\u00e4ndig mit deren n\u00e4hrstoffreichen schalen ohne zugabe von salz oder zucker schonend verarbeitet.<br \/>\nGenie\u00dfen diese schmackhafte und gesunde kreation, die au\u00dferdem reich an vitaminen, mineralstoffen, antioxidantien, phytosterinen und unges\u00e4ttigten Fetts\u00e4uren ist.<br \/>\nUnsere SELLOU kreationen tragen zu einem gesunden lifestyle bei, indem sie das nervensystem positiv beeinflussen, das kardiovaskul\u00e4re system sch\u00fctzen und zugleich das Immunsystem st\u00e4rken.<\/p>\n<p>&nbsp;<\/p>\n","protected":false},"excerpt":{"rendered":"<p>\u2666 SELLOU 6\u00a0: KICHERERBSEN, JOHANNISBROTSAMEN, JUJUBE, SAMEN UND GETROCKNETE FR\u00dcCHTE OHNE GLUTEN OHNE ZUCKER OHNE \u00d6L OHNE BUTTER OHNE ZUSATSSTOFFE OHNE KONSERVIERUNGSSTOFFE SELLOU 6 ist eine kreation auf basis von kichererbsen, johannisbrotsamen, jujube, Samen und getrockneten Fr\u00fcchten. Diese 100% nat\u00fcrlichen zutaten der qualit\u00e4t BIO aus eigenem anbau wurden vollst\u00e4ndig mit deren n\u00e4hrstoffreichen schalen ohne zugabe [&hellip;]<\/p>\n","protected":false},"featured_media":10822,"template":"","meta":[],"product_cat":[633,640],"product_tag":[],"_links":{"self":[{"href":"https:\/\/ecologicalfarming.ma\/index.php?rest_route=\/wp\/v2\/product\/8449"}],"collection":[{"href":"https:\/\/ecologicalfarming.ma\/index.php?rest_route=\/wp\/v2\/product"}],"about":[{"href":"https:\/\/ecologicalfarming.ma\/index.php?rest_route=\/wp\/v2\/types\/product"}],"wp:featuredmedia":[{"embeddable":true,"href":"https:\/\/ecologicalfarming.ma\/index.php?rest_route=\/wp\/v2\/media\/10822"}],"wp:attachment":[{"href":"https:\/\/ecologicalfarming.ma\/index.php?rest_route=%2Fwp%2Fv2%2Fmedia&parent=8449"}],"wp:term":[{"taxonomy":"product_cat","embeddable":true,"href":"https:\/\/ecologicalfarming.ma\/index.php?rest_route=%2Fwp%2Fv2%2Fproduct_cat&post=8449"},{"taxonomy":"product_tag","embeddable":true,"href":"https:\/\/ecologicalfarming.ma\/index.php?rest_route=%2Fwp%2Fv2%2Fproduct_tag&post=8449"}],"curies":[{"name":"wp","href":"https:\/\/api.w.org\/{rel}","templated":true}]}}