{"id":8446,"date":"2021-04-30T12:01:41","date_gmt":"2021-04-30T12:01:41","guid":{"rendered":"https:\/\/ecologicalfarming.ma\/?post_type=product&#038;p=8446"},"modified":"2021-07-24T23:08:25","modified_gmt":"2021-07-24T23:08:25","slug":"11f3-%e2%99%a6-sellou-3","status":"publish","type":"product","link":"https:\/\/ecologicalfarming.ma\/?product=11f3-%e2%99%a6-sellou-3","title":{"rendered":"<\/span> <br><span style=\"color: #ee393c;\">SELLOU 3<\/span><br><br><span style=\"color: #944a4f;\">Gewicht : 250Gr<\/span>"},"content":{"rendered":"<p><span style=\"color: #944a4f;\"><strong>\u2666 SELLOU 3<\/strong> : <span style=\"color: #ee393c;\">ALMONDS, SEEDS AND DRIED FRUITS <\/span><\/span><\/p>\n<ul>\n<li>OHNE ZUCKER<\/li>\n<li>OHNE \u00d6L<\/li>\n<li>OHNE BUTTER<\/li>\n<li>OHNE ZUSATSSTOFFE<\/li>\n<li>OHNE KONSERVIERUNGSSTOFFE<\/li>\n<\/ul>\n<p><span style=\"color: #944a4f;\">SELLOU 3<\/span> ist eine Kreation auf Basis von Almonds, Seeds and Dried Fruits.<\/p>\n<p>Diese 100% nat\u00fcrlichen Zutaten der Qualit\u00e4t BIO aus eigenem Anbau wurden ollst\u00e4ndig mit deren n\u00e4hrstoffreichen Schalen ohne Zugabe von Salz oder Zucker schonend verarbeitet.<br \/>\nGenie\u00dfen diese schmackhafte und gesunde Kreation, die au\u00dferdem reich an Vitaminen, Mineralstoffen, Antioxidantien, Phytosterinen und unges\u00e4ttigten Fetts\u00e4uren ist.<br \/>\nUnsere SELLOU Kreationen tragen zu einem gesunden Lifestyle bei, indem sie das Nervensystem positiv beeinflussen, das kardiovaskul\u00e4re System sch\u00fctzen und zugleich das Immunsystem st\u00e4rken.<\/p>\n<p>&nbsp;<\/p>\n<p>&nbsp;<\/p>\n","protected":false},"excerpt":{"rendered":"<p>\u2666 SELLOU 3 : ALMONDS, SEEDS AND DRIED FRUITS OHNE ZUCKER OHNE \u00d6L OHNE BUTTER OHNE ZUSATSSTOFFE OHNE KONSERVIERUNGSSTOFFE SELLOU 3 ist eine Kreation auf Basis von Almonds, Seeds and Dried Fruits. Diese 100% nat\u00fcrlichen Zutaten der Qualit\u00e4t BIO aus eigenem Anbau wurden ollst\u00e4ndig mit deren n\u00e4hrstoffreichen Schalen ohne Zugabe von Salz oder Zucker schonend [&hellip;]<\/p>\n","protected":false},"featured_media":8402,"template":"","meta":[],"product_cat":[633,640],"product_tag":[],"_links":{"self":[{"href":"https:\/\/ecologicalfarming.ma\/index.php?rest_route=\/wp\/v2\/product\/8446"}],"collection":[{"href":"https:\/\/ecologicalfarming.ma\/index.php?rest_route=\/wp\/v2\/product"}],"about":[{"href":"https:\/\/ecologicalfarming.ma\/index.php?rest_route=\/wp\/v2\/types\/product"}],"wp:featuredmedia":[{"embeddable":true,"href":"https:\/\/ecologicalfarming.ma\/index.php?rest_route=\/wp\/v2\/media\/8402"}],"wp:attachment":[{"href":"https:\/\/ecologicalfarming.ma\/index.php?rest_route=%2Fwp%2Fv2%2Fmedia&parent=8446"}],"wp:term":[{"taxonomy":"product_cat","embeddable":true,"href":"https:\/\/ecologicalfarming.ma\/index.php?rest_route=%2Fwp%2Fv2%2Fproduct_cat&post=8446"},{"taxonomy":"product_tag","embeddable":true,"href":"https:\/\/ecologicalfarming.ma\/index.php?rest_route=%2Fwp%2Fv2%2Fproduct_tag&post=8446"}],"curies":[{"name":"wp","href":"https:\/\/api.w.org\/{rel}","templated":true}]}}