{"id":7843,"date":"2021-03-14T11:36:02","date_gmt":"2021-03-14T11:36:02","guid":{"rendered":"https:\/\/ecologicalfarming.ma\/?post_type=product&#038;p=7843"},"modified":"2021-07-12T06:39:59","modified_gmt":"2021-07-12T06:39:59","slug":"15f11-sellou-11","status":"publish","type":"product","link":"https:\/\/ecologicalfarming.ma\/?product=15f11-sellou-11","title":{"rendered":"<\/span> <br><span style=\"color: #ee393c;\">\u2666 SELLOU 11<\/span><br><br><span style=\"color: #944a4f;\">\u2666 Poids : 250Gr<\/span>"},"content":{"rendered":"<p><span style=\"color: #944a4f;\"><strong>SELLOU 11<\/strong> : <span style=\"color: #ee393c;\">MA\u00cfS, AMANDES ET MIEL BIO\u00a0<\/span><\/span><\/p>\n<ul>\n<li>SANS SUCRE<\/li>\n<li>SANS HUILES<\/li>\n<li>SANS BEURRE<\/li>\n<li>SANS ADDITIFS<\/li>\n<li>SANS CONSERVATEURS<\/li>\n<\/ul>\n<p><span style=\"color: #944a4f;\">SELLOU 11 <\/span>est une cr\u00e9ation \u00e0 base de ma\u00efs, amandes et miel BIO.<\/p>\n<p>Ces ingr\u00e9dients purement naturels et de qualit\u00e9 BIO sont utilis\u00e9s enti\u00e8rement avec leurs pellicules qui les recouvrent et sont en plus non sal\u00e9s ni sucr\u00e9s.<br \/>\nSavourez alors cette recette d\u00e9licieuse et tr\u00e8s saine gr\u00e2ce a sa richesse remarquable en vitamines, min\u00e9raux, antioxydants, phytost\u00e9rols et acides gras insatur\u00e9s ayant une action protectrice sur le syst\u00e8me cardiovasculaire et favorisant le fonctionnement des syst\u00e8mes nerveux et immunitaires.<\/p>\n<p>&nbsp;<\/p>\n","protected":false},"excerpt":{"rendered":"<p>&nbsp;<\/p>\n<p>&nbsp;<\/p>\n","protected":false},"featured_media":8006,"template":"","meta":[],"product_cat":[55,591],"product_tag":[],"_links":{"self":[{"href":"https:\/\/ecologicalfarming.ma\/index.php?rest_route=\/wp\/v2\/product\/7843"}],"collection":[{"href":"https:\/\/ecologicalfarming.ma\/index.php?rest_route=\/wp\/v2\/product"}],"about":[{"href":"https:\/\/ecologicalfarming.ma\/index.php?rest_route=\/wp\/v2\/types\/product"}],"wp:featuredmedia":[{"embeddable":true,"href":"https:\/\/ecologicalfarming.ma\/index.php?rest_route=\/wp\/v2\/media\/8006"}],"wp:attachment":[{"href":"https:\/\/ecologicalfarming.ma\/index.php?rest_route=%2Fwp%2Fv2%2Fmedia&parent=7843"}],"wp:term":[{"taxonomy":"product_cat","embeddable":true,"href":"https:\/\/ecologicalfarming.ma\/index.php?rest_route=%2Fwp%2Fv2%2Fproduct_cat&post=7843"},{"taxonomy":"product_tag","embeddable":true,"href":"https:\/\/ecologicalfarming.ma\/index.php?rest_route=%2Fwp%2Fv2%2Fproduct_tag&post=7843"}],"curies":[{"name":"wp","href":"https:\/\/api.w.org\/{rel}","templated":true}]}}