{"id":7664,"date":"2021-02-06T21:27:24","date_gmt":"2021-02-06T21:27:24","guid":{"rendered":"https:\/\/ecologicalfarming.ma\/?post_type=product&#038;p=7664"},"modified":"2021-07-16T13:49:28","modified_gmt":"2021-07-16T13:49:28","slug":"16a1-vinaigre-de-pomme-vert","status":"publish","type":"product","link":"https:\/\/ecologicalfarming.ma\/?product=16a1-vinaigre-de-pomme-vert","title":{"rendered":"<br><span style=\"color: #fa5558;\">\u2022 VINAIGRE DE POMME VERT<br><br><\/span><span style=\"color: #8a6265;\">\u2022 Poids : 250ml<\/span>"},"content":{"rendered":"<p><span style=\"color: #944a4f;\">VINAIGRE DE POMME VERT<\/span><\/p>\n<ul>\n<li>100% BIO<\/li>\n<li>100% NATUREL<\/li>\n<li>VEGAN<\/li>\n<li>Sans additifs<\/li>\n<li>Sans conservateur<\/li>\n<\/ul>\n<p>Le go\u00fbt bien parfum\u00e9 du Vinaigre\u00a0 permet de r\u00e9aliser de d\u00e9licieuses vinaigrettes et plus .<\/p>\n<p>Ce vinaigre est issu de pommes de l&#8217;agriculture biologique.<\/p>\n<p>A conserver \u00e0 l&#8217;abri de la lumi\u00e8re et de la chaleur.<\/p>\n","protected":false},"excerpt":{"rendered":"<p>VINAIGRE DE POMME VERT 100% BIO 100% NATUREL VEGAN Sans additifs Sans conservateur Le go\u00fbt bien parfum\u00e9 du Vinaigre\u00a0 permet de r\u00e9aliser de d\u00e9licieuses vinaigrettes et plus . Ce vinaigre est issu de pommes de l&#8217;agriculture biologique. A conserver \u00e0 l&#8217;abri de la lumi\u00e8re et de la chaleur.<\/p>\n","protected":false},"featured_media":7665,"template":"","meta":[],"product_cat":[39,714,716],"product_tag":[],"_links":{"self":[{"href":"https:\/\/ecologicalfarming.ma\/index.php?rest_route=\/wp\/v2\/product\/7664"}],"collection":[{"href":"https:\/\/ecologicalfarming.ma\/index.php?rest_route=\/wp\/v2\/product"}],"about":[{"href":"https:\/\/ecologicalfarming.ma\/index.php?rest_route=\/wp\/v2\/types\/product"}],"wp:featuredmedia":[{"embeddable":true,"href":"https:\/\/ecologicalfarming.ma\/index.php?rest_route=\/wp\/v2\/media\/7665"}],"wp:attachment":[{"href":"https:\/\/ecologicalfarming.ma\/index.php?rest_route=%2Fwp%2Fv2%2Fmedia&parent=7664"}],"wp:term":[{"taxonomy":"product_cat","embeddable":true,"href":"https:\/\/ecologicalfarming.ma\/index.php?rest_route=%2Fwp%2Fv2%2Fproduct_cat&post=7664"},{"taxonomy":"product_tag","embeddable":true,"href":"https:\/\/ecologicalfarming.ma\/index.php?rest_route=%2Fwp%2Fv2%2Fproduct_tag&post=7664"}],"curies":[{"name":"wp","href":"https:\/\/api.w.org\/{rel}","templated":true}]}}