{"id":7479,"date":"2021-01-30T18:07:44","date_gmt":"2021-01-30T18:07:44","guid":{"rendered":"https:\/\/ecologicalfarming.ma\/?post_type=product&#038;p=7479"},"modified":"2021-12-22T08:31:21","modified_gmt":"2021-12-22T08:31:21","slug":"100ml-vaseline-naturelle","status":"publish","type":"product","link":"https:\/\/ecologicalfarming.ma\/?product=100ml-vaseline-naturelle","title":{"rendered":"<span style=\"color: #470796;\"><p>VASELINE 2<\/p><\/span> <span style=\"color: #ff00a6;\"><p>NATURELLE <\/p><\/span> <span style=\"color: #944a4f;\">Volume : 100ml<\/span>"},"content":{"rendered":"<p><span style=\"color: #470796;\">VASELINE 2 :<\/span> <span style=\"color: #fb068b;\">NATURELLE<\/span><\/p>\n<ul>\n<li style=\"list-style-type: none;\">\n<ul>\n<li style=\"list-style-type: none;\">\n<ul>\n<li>SANS PARAFFINES<\/li>\n<li>SANS PARAB\u00c8NES<\/li>\n<li>SANS SILICATES<\/li>\n<\/ul>\n<\/li>\n<\/ul>\n<\/li>\n<\/ul>\n<p>Vaseline\u00a0 hydratante prot\u00e8ge la peau ab\u00eem\u00e9 du dess\u00e8chement et des effets n\u00e9fastes de l\u2019environnement. De cette mani\u00e8re, votre peau reste souple.<\/p>\n<p>Pour tout le corps visage, pieds, corps, l\u00e8vres&#8230;Extrait des mati\u00e8re grasse et des fleurs.<\/p>\n<p>Lisser la peau, l&#8217;hydrater et la prot\u00e9ger des intemp\u00e9ries, comme la s\u00e9cheresse, et c&#8217;est la condition cutan\u00e9e la plus dangereuse.<\/p>\n<p>&nbsp;<\/p>\n<p>&nbsp;<\/p>\n","protected":false},"excerpt":{"rendered":"<p>VASELINE 2 : NATURELLE SANS PARAFFINES SANS PARAB\u00c8NES SANS SILICATES Vaseline\u00a0 hydratante prot\u00e8ge la peau ab\u00eem\u00e9 du dess\u00e8chement et des effets n\u00e9fastes de l\u2019environnement. De cette mani\u00e8re, votre peau reste souple. Pour tout le corps visage, pieds, corps, l\u00e8vres&#8230;Extrait des mati\u00e8re grasse et des fleurs. Lisser la peau, l&#8217;hydrater et la prot\u00e9ger des intemp\u00e9ries, comme [&hellip;]<\/p>\n","protected":false},"featured_media":7480,"template":"","meta":[],"product_cat":[462,713],"product_tag":[],"_links":{"self":[{"href":"https:\/\/ecologicalfarming.ma\/index.php?rest_route=\/wp\/v2\/product\/7479"}],"collection":[{"href":"https:\/\/ecologicalfarming.ma\/index.php?rest_route=\/wp\/v2\/product"}],"about":[{"href":"https:\/\/ecologicalfarming.ma\/index.php?rest_route=\/wp\/v2\/types\/product"}],"wp:featuredmedia":[{"embeddable":true,"href":"https:\/\/ecologicalfarming.ma\/index.php?rest_route=\/wp\/v2\/media\/7480"}],"wp:attachment":[{"href":"https:\/\/ecologicalfarming.ma\/index.php?rest_route=%2Fwp%2Fv2%2Fmedia&parent=7479"}],"wp:term":[{"taxonomy":"product_cat","embeddable":true,"href":"https:\/\/ecologicalfarming.ma\/index.php?rest_route=%2Fwp%2Fv2%2Fproduct_cat&post=7479"},{"taxonomy":"product_tag","embeddable":true,"href":"https:\/\/ecologicalfarming.ma\/index.php?rest_route=%2Fwp%2Fv2%2Fproduct_tag&post=7479"}],"curies":[{"name":"wp","href":"https:\/\/api.w.org\/{rel}","templated":true}]}}