{"id":7011,"date":"2022-01-11T22:46:46","date_gmt":"2022-01-11T22:46:46","guid":{"rendered":"https:\/\/ecologicalfarming.ma\/?post_type=product&#038;p=7011"},"modified":"2022-01-19T18:32:28","modified_gmt":"2022-01-19T18:32:28","slug":"plantes-aromatiques-garinesblet-complet-flocons-davons-poids-500gr","status":"publish","type":"product","link":"https:\/\/ecologicalfarming.ma\/?product=plantes-aromatiques-garinesblet-complet-flocons-davons-poids-500gr","title":{"rendered":"<br><span style=\"color:#bf5944;\"><p>VARI\u00c9T\u00c9S BISCUITS SAL\u00c9S<\/span><\/p><span style=\"color:#fa5558;\"><p>PLANTES AROMATIQUES -GARINES<\/span><\/p> <span style=\"color: #944a4f;\">Poids : 500Gr<\/span>"},"content":{"rendered":"<p><span style=\"color: #944a4f;\">\u2022 VARI\u00c9T\u00c9S BISCUITS SAL\u00c9S: <\/span><span style=\"color: #fa5558;\">\u00a0Bl\u00e9 complet, flocon d&#8217; avoine, levure traditionnelle BIO, huile d\u2019olive, plantes aromatiques, graines<\/span><\/p>\n<ul>\n<li>100% BIO<\/li>\n<li>100% NATUREL<\/li>\n<li>SANS SUCRE<\/li>\n<li>SANS BEURRE<\/li>\n<li>SANS OEUFS<\/li>\n<li>SANS ADDITIFS<\/li>\n<li>SANS CONSERVATEURS<\/li>\n<\/ul>\n<p>&nbsp;<\/p>\n","protected":false},"excerpt":{"rendered":"<p>\u2022 VARI\u00c9T\u00c9S BISCUITS SAL\u00c9S: \u00a0Bl\u00e9 complet, flocon d&#8217; avoine, levure traditionnelle BIO, huile d\u2019olive, plantes aromatiques, graines 100% BIO 100% NATUREL SANS SUCRE SANS BEURRE SANS OEUFS SANS ADDITIFS SANS CONSERVATEURS &nbsp;<\/p>\n","protected":false},"featured_media":11147,"template":"","meta":[],"product_cat":[607],"product_tag":[],"_links":{"self":[{"href":"https:\/\/ecologicalfarming.ma\/index.php?rest_route=\/wp\/v2\/product\/7011"}],"collection":[{"href":"https:\/\/ecologicalfarming.ma\/index.php?rest_route=\/wp\/v2\/product"}],"about":[{"href":"https:\/\/ecologicalfarming.ma\/index.php?rest_route=\/wp\/v2\/types\/product"}],"wp:featuredmedia":[{"embeddable":true,"href":"https:\/\/ecologicalfarming.ma\/index.php?rest_route=\/wp\/v2\/media\/11147"}],"wp:attachment":[{"href":"https:\/\/ecologicalfarming.ma\/index.php?rest_route=%2Fwp%2Fv2%2Fmedia&parent=7011"}],"wp:term":[{"taxonomy":"product_cat","embeddable":true,"href":"https:\/\/ecologicalfarming.ma\/index.php?rest_route=%2Fwp%2Fv2%2Fproduct_cat&post=7011"},{"taxonomy":"product_tag","embeddable":true,"href":"https:\/\/ecologicalfarming.ma\/index.php?rest_route=%2Fwp%2Fv2%2Fproduct_tag&post=7011"}],"curies":[{"name":"wp","href":"https:\/\/api.w.org\/{rel}","templated":true}]}}