{"id":6870,"date":"2021-01-08T19:14:55","date_gmt":"2021-01-08T19:14:55","guid":{"rendered":"https:\/\/ecologicalfarming.ma\/?post_type=product&#038;p=6870"},"modified":"2022-01-25T20:15:25","modified_gmt":"2022-01-25T20:15:25","slug":"krichlates-poivrees-salees-aux-plantes-aromatiques","status":"publish","type":"product","link":"https:\/\/ecologicalfarming.ma\/?product=krichlates-poivrees-salees-aux-plantes-aromatiques","title":{"rendered":"<br><span style=\"color:#bf5944;\"><p>\u2022 VARIT\u00c9S KRICHLATES 3<\/span><\/p><span style=\"color:#fa5558;\"><p>POIVR\u00c9ES &#8211; SAL\u00c9ES <\/span><\/p> <span style=\"color: #944a4f;\">Poids : 250Gr<\/span>"},"content":{"rendered":"<p><span style=\"color: #944a4f;\">\u2022 VARIT\u00c9S KRICHLATES POIVR\u00c9ES SAL\u00c9ES : <\/span><span style=\"color: #fa5558;\">Bl\u00e9 complet, levure traditionnelle BIO, huile d\u2019olive, olives noires, graines et plantes aromatiques<\/span><\/p>\n<ul>\n<li>100% BIO<\/li>\n<li>100% NATUREL<\/li>\n<li>SANS SUCRE<\/li>\n<li>SANS FROMAGE<\/li>\n<li>SANS BEURRE<\/li>\n<li>SANS ADDITIFS<\/li>\n<li>SANS CONSERVATEURS<\/li>\n<\/ul>\n<p>&nbsp;<\/p>\n<p>&nbsp;<\/p>\n<p>&nbsp;<\/p>\n","protected":false},"excerpt":{"rendered":"<p>\u2022 VARIT\u00c9S KRICHLATES POIVR\u00c9ES SAL\u00c9ES : Bl\u00e9 complet, levure traditionnelle BIO, huile d\u2019olive, olives noires, graines et plantes aromatiques 100% BIO 100% NATUREL SANS SUCRE SANS FROMAGE SANS BEURRE SANS ADDITIFS SANS CONSERVATEURS &nbsp; &nbsp; &nbsp;<\/p>\n","protected":false},"featured_media":11230,"template":"","meta":[],"product_cat":[605,607],"product_tag":[],"_links":{"self":[{"href":"https:\/\/ecologicalfarming.ma\/index.php?rest_route=\/wp\/v2\/product\/6870"}],"collection":[{"href":"https:\/\/ecologicalfarming.ma\/index.php?rest_route=\/wp\/v2\/product"}],"about":[{"href":"https:\/\/ecologicalfarming.ma\/index.php?rest_route=\/wp\/v2\/types\/product"}],"wp:featuredmedia":[{"embeddable":true,"href":"https:\/\/ecologicalfarming.ma\/index.php?rest_route=\/wp\/v2\/media\/11230"}],"wp:attachment":[{"href":"https:\/\/ecologicalfarming.ma\/index.php?rest_route=%2Fwp%2Fv2%2Fmedia&parent=6870"}],"wp:term":[{"taxonomy":"product_cat","embeddable":true,"href":"https:\/\/ecologicalfarming.ma\/index.php?rest_route=%2Fwp%2Fv2%2Fproduct_cat&post=6870"},{"taxonomy":"product_tag","embeddable":true,"href":"https:\/\/ecologicalfarming.ma\/index.php?rest_route=%2Fwp%2Fv2%2Fproduct_tag&post=6870"}],"curies":[{"name":"wp","href":"https:\/\/api.w.org\/{rel}","templated":true}]}}