{"id":6743,"date":"2021-01-06T18:30:33","date_gmt":"2021-01-06T18:30:33","guid":{"rendered":"https:\/\/ecologicalfarming.ma\/?post_type=product&#038;p=6743"},"modified":"2021-01-06T18:30:59","modified_gmt":"2021-01-06T18:30:59","slug":"12a4-poids-500ml-huile-dargan-copie","status":"publish","type":"product","link":"https:\/\/ecologicalfarming.ma\/?product=12a4-poids-500ml-huile-dargan-copie","title":{"rendered":"12a4 &#8211; Poids : 500ml <br> HUILE D&#8217;ARGAN (Copie)"},"content":{"rendered":"<p>HUILE D&#8217;ARGAN VIERGE DE PRMI\u00c8RE QUALIT\u00c9 PRESS\u00c9E \u00c0 FROID<\/p>\n<p>100% BIO 100%NATURL<\/p>\n<p>&nbsp;<\/p>\n","protected":false},"excerpt":{"rendered":"<p>Huile d&#8217;Argan vierge de premi\u00e8re qualit\u00e9 press\u00e9e \u00e0 froid, issu de l&#8217; arbre qui ne pousse \u00e0 l\u2019\u00e9tat naturel qu\u2019au Maroc, est une grande tradition des r\u00e9gions du sud du Maroc, o\u00f9 elle est consomm\u00e9e depuis des temps imm\u00e9moriaux.<br \/>\n100% Pure, Non Raffin\u00e9e et Non D\u00e9sodoris\u00e9e<\/p>\n","protected":false},"featured_media":6274,"template":"","meta":[],"product_cat":[583],"product_tag":[],"_links":{"self":[{"href":"https:\/\/ecologicalfarming.ma\/index.php?rest_route=\/wp\/v2\/product\/6743"}],"collection":[{"href":"https:\/\/ecologicalfarming.ma\/index.php?rest_route=\/wp\/v2\/product"}],"about":[{"href":"https:\/\/ecologicalfarming.ma\/index.php?rest_route=\/wp\/v2\/types\/product"}],"wp:featuredmedia":[{"embeddable":true,"href":"https:\/\/ecologicalfarming.ma\/index.php?rest_route=\/wp\/v2\/media\/6274"}],"wp:attachment":[{"href":"https:\/\/ecologicalfarming.ma\/index.php?rest_route=%2Fwp%2Fv2%2Fmedia&parent=6743"}],"wp:term":[{"taxonomy":"product_cat","embeddable":true,"href":"https:\/\/ecologicalfarming.ma\/index.php?rest_route=%2Fwp%2Fv2%2Fproduct_cat&post=6743"},{"taxonomy":"product_tag","embeddable":true,"href":"https:\/\/ecologicalfarming.ma\/index.php?rest_route=%2Fwp%2Fv2%2Fproduct_tag&post=6743"}],"curies":[{"name":"wp","href":"https:\/\/api.w.org\/{rel}","templated":true}]}}