{"id":6679,"date":"2021-01-05T19:38:24","date_gmt":"2021-01-05T19:38:24","guid":{"rendered":"https:\/\/ecologicalfarming.ma\/?post_type=product&#038;p=6679"},"modified":"2021-07-12T19:06:53","modified_gmt":"2021-07-12T19:06:53","slug":"11a1-poids-250ml-huile-dolive-extra-vierge-bio","status":"publish","type":"product","link":"https:\/\/ecologicalfarming.ma\/?product=11a1-poids-250ml-huile-dolive-extra-vierge-bio","title":{"rendered":"<br><span style=\"color: #fa5558;\">\u2022 Huile d&#8217;olive extra vierge<br><br><\/span><span style=\"color: #8a6265;\">\u2022 Volume : 250ml<\/span>"},"content":{"rendered":"<p><span style=\"color: #fa5558;\"><span style=\"color: #8a6265;\">\u00a0 \u00a0 \u00a0 <\/span><\/span><span style=\"color: #fa5558;\"><strong>\u2022<\/strong> HUILE D&#8217;OLIVE\u00a0 <span style=\"color: #8a6265;\">Huile vierge de premi\u00e8re qualit\u00e9 press\u00e9e \u00e0 froid<\/span><\/span><\/p>\n<ul>\n<li>100% BIO<\/li>\n<li>100% PURE<\/li>\n<li>NON RAFFIN\u00c9E<\/li>\n<li>NON D\u00c9SODORIS\u00c9E<\/li>\n<\/ul>\n<p>Notre <span style=\"color: #fa5558;\"><span style=\"color: #8a6265;\">Huile d&#8217;olive <\/span><\/span>alimentaire est une huile vierge de premi\u00e8re qualit\u00e9 press\u00e9e \u00e0 froid, 100% BIO, 100% pure, non raffin\u00e9e et non d\u00e9sodoris\u00e9e.<br \/>\nNe supportant pas la cuisson, il serait dommage de l\u2019utiliser pour cuisiner. Par contre vous en avez besoin<br \/>\npour affiner le go\u00fbt de vos plats de viande ou de l\u00e9gumes m\u00e9diterran\u00e9es, pour pr\u00e9parer une vinaigrette d\u00e9licieuse pour vos salades ou un dip app\u00e9tissant pour accompagner vos crudit\u00e9s.<\/p>\n","protected":false},"excerpt":{"rendered":"<p>\u00a0 \u00a0 \u00a0 \u2022 HUILE D&#8217;OLIVE\u00a0 Huile vierge de premi\u00e8re qualit\u00e9 press\u00e9e \u00e0 froid 100% BIO 100% PURE NON RAFFIN\u00c9E NON D\u00c9SODORIS\u00c9E Notre Huile d&#8217;olive alimentaire est une huile vierge de premi\u00e8re qualit\u00e9 press\u00e9e \u00e0 froid, 100% BIO, 100% pure, non raffin\u00e9e et non d\u00e9sodoris\u00e9e. Ne supportant pas la cuisson, il serait dommage de l\u2019utiliser [&hellip;]<\/p>\n","protected":false},"featured_media":6605,"template":"","meta":[],"product_cat":[39,581,582],"product_tag":[],"_links":{"self":[{"href":"https:\/\/ecologicalfarming.ma\/index.php?rest_route=\/wp\/v2\/product\/6679"}],"collection":[{"href":"https:\/\/ecologicalfarming.ma\/index.php?rest_route=\/wp\/v2\/product"}],"about":[{"href":"https:\/\/ecologicalfarming.ma\/index.php?rest_route=\/wp\/v2\/types\/product"}],"wp:featuredmedia":[{"embeddable":true,"href":"https:\/\/ecologicalfarming.ma\/index.php?rest_route=\/wp\/v2\/media\/6605"}],"wp:attachment":[{"href":"https:\/\/ecologicalfarming.ma\/index.php?rest_route=%2Fwp%2Fv2%2Fmedia&parent=6679"}],"wp:term":[{"taxonomy":"product_cat","embeddable":true,"href":"https:\/\/ecologicalfarming.ma\/index.php?rest_route=%2Fwp%2Fv2%2Fproduct_cat&post=6679"},{"taxonomy":"product_tag","embeddable":true,"href":"https:\/\/ecologicalfarming.ma\/index.php?rest_route=%2Fwp%2Fv2%2Fproduct_tag&post=6679"}],"curies":[{"name":"wp","href":"https:\/\/api.w.org\/{rel}","templated":true}]}}