{"id":6262,"date":"2020-12-29T21:57:52","date_gmt":"2020-12-29T21:57:52","guid":{"rendered":"https:\/\/ecologicalfarming.ma\/?post_type=product&#038;p=6262"},"modified":"2022-05-21T11:35:33","modified_gmt":"2022-05-21T11:35:33","slug":"miel-doranger-bio","status":"publish","type":"product","link":"https:\/\/ecologicalfarming.ma\/?product=miel-doranger-bio","title":{"rendered":"<br><span style=\"color: #fa5558;\">\u2022 MIEL D&#8217;ORANGER BIO <br><br><\/span><span style=\"color: #8a6265;\">\u2022 Poids : 500Gr<\/span>"},"content":{"rendered":"<p><span style=\"color: #944a4f;\">MIEL DE MONTAGNE<\/span> : <span style=\"color: #ff6600;\">MIEL DE FLEURS D\u2019ORANGER<\/span><\/p>\n<ul>\n<li>100% MIEL DE FLEURS D\u2018ORANGER BIO<\/li>\n<\/ul>\n<p>Notre <span style=\"color: #944a4f;\">MIEL DE MONTAGNE<\/span> est un miel monofloral d\u2019exception de nos fleurs d\u2019oranger de culture biologique avec une saveur d\u00e9licate et bien fruit\u00e9e.<br \/>\nCe produit purement naturel est riche en pr\u00e9cieuses vitamines, min\u00e9raux (calcium, mangan\u00e8se, magn\u00e9sium, potassium, sodium et zinc) et enzymes sp\u00e9ciales.<br \/>\nVous profitez aussi des propri\u00e9t\u00e9s antiseptiques et anti-inflammatoires de ce produit naturel et d\u2019une influence positive sur votre digestion<\/p>\n<p>&nbsp;<\/p>\n<p>&nbsp;<\/p>\n<p>&nbsp;<\/p>\n<p>&nbsp;<\/p>\n<p>&nbsp;<\/p>\n","protected":false},"excerpt":{"rendered":"<p>MIEL DE MONTAGNE : MIEL DE FLEURS D\u2019ORANGER 100% MIEL DE FLEURS D\u2018ORANGER BIO Notre MIEL DE MONTAGNE est un miel monofloral d\u2019exception de nos fleurs d\u2019oranger de culture biologique avec une saveur d\u00e9licate et bien fruit\u00e9e. Ce produit purement naturel est riche en pr\u00e9cieuses vitamines, min\u00e9raux (calcium, mangan\u00e8se, magn\u00e9sium, potassium, sodium et zinc) et [&hellip;]<\/p>\n","protected":false},"featured_media":10842,"template":"","meta":[],"product_cat":[887,39],"product_tag":[],"_links":{"self":[{"href":"https:\/\/ecologicalfarming.ma\/index.php?rest_route=\/wp\/v2\/product\/6262"}],"collection":[{"href":"https:\/\/ecologicalfarming.ma\/index.php?rest_route=\/wp\/v2\/product"}],"about":[{"href":"https:\/\/ecologicalfarming.ma\/index.php?rest_route=\/wp\/v2\/types\/product"}],"wp:featuredmedia":[{"embeddable":true,"href":"https:\/\/ecologicalfarming.ma\/index.php?rest_route=\/wp\/v2\/media\/10842"}],"wp:attachment":[{"href":"https:\/\/ecologicalfarming.ma\/index.php?rest_route=%2Fwp%2Fv2%2Fmedia&parent=6262"}],"wp:term":[{"taxonomy":"product_cat","embeddable":true,"href":"https:\/\/ecologicalfarming.ma\/index.php?rest_route=%2Fwp%2Fv2%2Fproduct_cat&post=6262"},{"taxonomy":"product_tag","embeddable":true,"href":"https:\/\/ecologicalfarming.ma\/index.php?rest_route=%2Fwp%2Fv2%2Fproduct_tag&post=6262"}],"curies":[{"name":"wp","href":"https:\/\/api.w.org\/{rel}","templated":true}]}}