{"id":6214,"date":"2020-12-28T17:26:03","date_gmt":"2020-12-28T17:26:03","guid":{"rendered":"https:\/\/ecologicalfarming.ma\/?post_type=product&#038;p=6214"},"modified":"2025-08-29T15:53:59","modified_gmt":"2025-08-29T15:53:59","slug":"15a5-poids-250gr-barre-proteinee-5","status":"publish","type":"product","link":"https:\/\/ecologicalfarming.ma\/?product=15a5-poids-250gr-barre-proteinee-5","title":{"rendered":"<\/span> <br><span style=\"color: #ee393c;\">\u2666 BARRES PROT\u00c9IN\u00c9ES 5<\/span><br><br><span style=\"color: #944a4f;\">\u2666 Poids : 250Gr<\/span>"},"content":{"rendered":"<p><span style=\"color: #944a4f;\">\u2022 BARRE PROT\u00c9IN\u00c9E 5 : <span style=\"color: #ee393c;\">FLOCONS D&#8217;AVOINE, GRAINES <\/span><\/span><span style=\"color: #ee393c;\">ET MIEL BIO<\/span><\/p>\n<ul>\n<li>SANS SUCRE<\/li>\n<li>SANS ADDITIFS<\/li>\n<li>SANS CONSERVATEURS<\/li>\n<\/ul>\n<p>Notre <span style=\"color: #944a4f;\">BARRE PROT\u00c9IN\u00c9E<\/span> \u00e0 base de flocons d&#8217;avoine, graines et miel BIO est une cr\u00e9ation de qualit\u00e9 BIO avec une saveur pure et naturelle.<br \/>\nCe snack riche en prot\u00e9ines, glucides complexes, acides gras essentiels et min\u00e9raux peut s\u2019adapter \u00e0 diff\u00e9rents types de programmes alimentaires et sportifs.<\/p>\n","protected":false},"excerpt":{"rendered":"<p>\u2022 BARRE PROT\u00c9IN\u00c9E 5 : FLOCONS D&#8217;AVOINE, GRAINES ET MIEL BIO SANS SUCRE SANS ADDITIFS SANS CONSERVATEURS Notre BARRE PROT\u00c9IN\u00c9E \u00e0 base de flocons d&#8217;avoine, graines et miel BIO est une cr\u00e9ation de qualit\u00e9 BIO avec une saveur pure et naturelle. Ce snack riche en prot\u00e9ines, glucides complexes, acides gras essentiels et min\u00e9raux peut s\u2019adapter [&hellip;]<\/p>\n","protected":false},"featured_media":8359,"template":"","meta":[],"product_cat":[586,55],"product_tag":[],"_links":{"self":[{"href":"https:\/\/ecologicalfarming.ma\/index.php?rest_route=\/wp\/v2\/product\/6214"}],"collection":[{"href":"https:\/\/ecologicalfarming.ma\/index.php?rest_route=\/wp\/v2\/product"}],"about":[{"href":"https:\/\/ecologicalfarming.ma\/index.php?rest_route=\/wp\/v2\/types\/product"}],"wp:featuredmedia":[{"embeddable":true,"href":"https:\/\/ecologicalfarming.ma\/index.php?rest_route=\/wp\/v2\/media\/8359"}],"wp:attachment":[{"href":"https:\/\/ecologicalfarming.ma\/index.php?rest_route=%2Fwp%2Fv2%2Fmedia&parent=6214"}],"wp:term":[{"taxonomy":"product_cat","embeddable":true,"href":"https:\/\/ecologicalfarming.ma\/index.php?rest_route=%2Fwp%2Fv2%2Fproduct_cat&post=6214"},{"taxonomy":"product_tag","embeddable":true,"href":"https:\/\/ecologicalfarming.ma\/index.php?rest_route=%2Fwp%2Fv2%2Fproduct_tag&post=6214"}],"curies":[{"name":"wp","href":"https:\/\/api.w.org\/{rel}","templated":true}]}}