{"id":6210,"date":"2020-12-28T17:23:56","date_gmt":"2020-12-28T17:23:56","guid":{"rendered":"https:\/\/ecologicalfarming.ma\/?post_type=product&#038;p=6210"},"modified":"2021-07-12T10:13:43","modified_gmt":"2021-07-12T10:13:43","slug":"15a4-poids-250gr-barre-protinee-4","status":"publish","type":"product","link":"https:\/\/ecologicalfarming.ma\/?product=15a4-poids-250gr-barre-protinee-4","title":{"rendered":"<\/span> <br><span style=\"color: #ee393c;\">\u2666 BARRES PROT\u00c9IN\u00c9ES 4<\/span><br><br><span style=\"color: #944a4f;\">\u2666 Poids : 250Gr<\/span>"},"content":{"rendered":"<p><span style=\"color: #944a4f;\">BARRE P<span style=\"color: #ee393c;\"><span style=\"color: #944a4f;\">ROT\u00c9IN\u00c9E 4 : <\/span>FRUITS SECS, GRAINES ET RAISIN\u00a0<\/span><\/span><\/p>\n<ul>\n<li>SANS SUCRE<\/li>\n<li>SANS ADDITIFS<\/li>\n<li>SANS CONSERVATEURS<\/li>\n<\/ul>\n<p>Notre <span style=\"color: #944a4f;\">BARRE PRO\u00c9IN\u00c9E 4 <\/span>\u00e0 base de fruits secs,\u00a0 graines, et raisin est une cr\u00e9ation de qualit\u00e9 BIO -sans sucre- avec une saveur pure et naturelle.<br \/>\nCe snack riche en prot\u00e9ines, glucides complexes, acides gras essentiels et min\u00e9raux peut s\u2019adapter \u00e0 diff\u00e9rents types de programmes alimentaires et sportifs.<\/p>\n","protected":false},"excerpt":{"rendered":"<p>BARRE PROT\u00c9IN\u00c9E 4 : FRUITS SECS, GRAINES ET RAISIN\u00a0 SANS SUCRE SANS ADDITIFS SANS CONSERVATEURS Notre BARRE PRO\u00c9IN\u00c9E 4 \u00e0 base de fruits secs,\u00a0 graines, et raisin est une cr\u00e9ation de qualit\u00e9 BIO -sans sucre- avec une saveur pure et naturelle. Ce snack riche en prot\u00e9ines, glucides complexes, acides gras essentiels et min\u00e9raux peut s\u2019adapter [&hellip;]<\/p>\n","protected":false},"featured_media":8343,"template":"","meta":[],"product_cat":[586,55],"product_tag":[],"_links":{"self":[{"href":"https:\/\/ecologicalfarming.ma\/index.php?rest_route=\/wp\/v2\/product\/6210"}],"collection":[{"href":"https:\/\/ecologicalfarming.ma\/index.php?rest_route=\/wp\/v2\/product"}],"about":[{"href":"https:\/\/ecologicalfarming.ma\/index.php?rest_route=\/wp\/v2\/types\/product"}],"wp:featuredmedia":[{"embeddable":true,"href":"https:\/\/ecologicalfarming.ma\/index.php?rest_route=\/wp\/v2\/media\/8343"}],"wp:attachment":[{"href":"https:\/\/ecologicalfarming.ma\/index.php?rest_route=%2Fwp%2Fv2%2Fmedia&parent=6210"}],"wp:term":[{"taxonomy":"product_cat","embeddable":true,"href":"https:\/\/ecologicalfarming.ma\/index.php?rest_route=%2Fwp%2Fv2%2Fproduct_cat&post=6210"},{"taxonomy":"product_tag","embeddable":true,"href":"https:\/\/ecologicalfarming.ma\/index.php?rest_route=%2Fwp%2Fv2%2Fproduct_tag&post=6210"}],"curies":[{"name":"wp","href":"https:\/\/api.w.org\/{rel}","templated":true}]}}