{"id":6202,"date":"2020-12-28T15:56:05","date_gmt":"2020-12-28T15:56:05","guid":{"rendered":"https:\/\/ecologicalfarming.ma\/?post_type=product&#038;p=6202"},"modified":"2021-07-12T09:41:19","modified_gmt":"2021-07-12T09:41:19","slug":"15a3-poids-250gr-barre-proteineee-3","status":"publish","type":"product","link":"https:\/\/ecologicalfarming.ma\/?product=15a3-poids-250gr-barre-proteineee-3","title":{"rendered":"<\/span> <br><span style=\"color: #ee393c;\">\u2666 BARRES PROT\u00c9IN\u00c9ES 3<\/span><br><br><span style=\"color: #944a4f;\">\u2666 Poids : 250Gr<\/span>"},"content":{"rendered":"<p><span style=\"color: #944a4f;\">\u2022 BARRE PRO\u00c9IN\u00c9E 3 : <span style=\"color: #ee393c;\">GRAINES, DATTES ET MIEL BIO<\/span><\/span><\/p>\n<ul>\n<li>SANS SUCRE<\/li>\n<li>SANS ADDITIFS<\/li>\n<li>SANS CONSERVATEURS<\/li>\n<\/ul>\n<p>Notre <span style=\"color: #944a4f;\">BARRE PRO\u00c9IN\u00c9E 3 <\/span>\u00e0 base de graines, dattes et miel BIO est une cr\u00e9ation de qualit\u00e9 BIO -sans sucre- avec une saveur pure et naturelle.<br \/>\nCe snack riche en prot\u00e9ines, glucides complexes, acides gras essentiels et min\u00e9raux peut s\u2019adapter \u00e0 diff\u00e9rents types de programmes alimentaires et sportifs.<\/p>\n","protected":false},"excerpt":{"rendered":"<p>&nbsp;<\/p>\n<p>&nbsp;<\/p>\n","protected":false},"featured_media":8346,"template":"","meta":[],"product_cat":[586,55],"product_tag":[],"_links":{"self":[{"href":"https:\/\/ecologicalfarming.ma\/index.php?rest_route=\/wp\/v2\/product\/6202"}],"collection":[{"href":"https:\/\/ecologicalfarming.ma\/index.php?rest_route=\/wp\/v2\/product"}],"about":[{"href":"https:\/\/ecologicalfarming.ma\/index.php?rest_route=\/wp\/v2\/types\/product"}],"wp:featuredmedia":[{"embeddable":true,"href":"https:\/\/ecologicalfarming.ma\/index.php?rest_route=\/wp\/v2\/media\/8346"}],"wp:attachment":[{"href":"https:\/\/ecologicalfarming.ma\/index.php?rest_route=%2Fwp%2Fv2%2Fmedia&parent=6202"}],"wp:term":[{"taxonomy":"product_cat","embeddable":true,"href":"https:\/\/ecologicalfarming.ma\/index.php?rest_route=%2Fwp%2Fv2%2Fproduct_cat&post=6202"},{"taxonomy":"product_tag","embeddable":true,"href":"https:\/\/ecologicalfarming.ma\/index.php?rest_route=%2Fwp%2Fv2%2Fproduct_tag&post=6202"}],"curies":[{"name":"wp","href":"https:\/\/api.w.org\/{rel}","templated":true}]}}