{"id":6198,"date":"2020-12-28T14:52:52","date_gmt":"2020-12-28T14:52:52","guid":{"rendered":"https:\/\/ecologicalfarming.ma\/?post_type=product&#038;p=6198"},"modified":"2021-07-12T09:36:58","modified_gmt":"2021-07-12T09:36:58","slug":"15a1-poids-250gr-barre-proteinee-1","status":"publish","type":"product","link":"https:\/\/ecologicalfarming.ma\/?product=15a1-poids-250gr-barre-proteinee-1","title":{"rendered":"<\/span> <br><span style=\"color: #ee393c;\">\u2666 BARRES PROT\u00c9IN\u00c9ES 1<\/span><br><br><span style=\"color: #944a4f;\">\u2666 Poids : 250Gr<\/span>"},"content":{"rendered":"<p><span style=\"color: #944a4f;\"><strong>\u2022<\/strong> BARRE P<span style=\"color: #ee393c;\"><span style=\"color: #944a4f;\">ROT\u00c9IN\u00c9E 1<\/span> : FLOCONS D\u2019AVOINE, RAISIN ET MIEL BIO<\/span><\/span><\/p>\n<ul>\n<li>SANS SUCRE<\/li>\n<li>SANS ADDITIFS<\/li>\n<li>SANS CONSERVATEURS<\/li>\n<\/ul>\n<p>Notre <span style=\"color: #944a4f;\">BARRE PROT\u00c9IN\u00c9E 1 <\/span> \u00e0 base de flocons d\u2019avoine, raisin et miel BIO est une cr\u00e9ation de qualit\u00e9 BIO -sans sucre- avec une saveur pure et naturelle.<br \/>\nCe snack riche en prot\u00e9ines, glucides complexes et acides gras essentiels peut s\u2019adapter \u00e0 diff\u00e9rents types de programmes alimentaires et sportifs.<\/p>\n","protected":false},"excerpt":{"rendered":"<p>\u2022 BARRE PROT\u00c9IN\u00c9E 1 : FLOCONS D\u2019AVOINE, RAISIN ET MIEL BIO SANS SUCRE SANS ADDITIFS SANS CONSERVATEURS Notre BARRE PROT\u00c9IN\u00c9E 1 \u00e0 base de flocons d\u2019avoine, raisin et miel BIO est une cr\u00e9ation de qualit\u00e9 BIO -sans sucre- avec une saveur pure et naturelle. Ce snack riche en prot\u00e9ines, glucides complexes et acides gras essentiels [&hellip;]<\/p>\n","protected":false},"featured_media":8337,"template":"","meta":[],"product_cat":[586,55],"product_tag":[],"_links":{"self":[{"href":"https:\/\/ecologicalfarming.ma\/index.php?rest_route=\/wp\/v2\/product\/6198"}],"collection":[{"href":"https:\/\/ecologicalfarming.ma\/index.php?rest_route=\/wp\/v2\/product"}],"about":[{"href":"https:\/\/ecologicalfarming.ma\/index.php?rest_route=\/wp\/v2\/types\/product"}],"wp:featuredmedia":[{"embeddable":true,"href":"https:\/\/ecologicalfarming.ma\/index.php?rest_route=\/wp\/v2\/media\/8337"}],"wp:attachment":[{"href":"https:\/\/ecologicalfarming.ma\/index.php?rest_route=%2Fwp%2Fv2%2Fmedia&parent=6198"}],"wp:term":[{"taxonomy":"product_cat","embeddable":true,"href":"https:\/\/ecologicalfarming.ma\/index.php?rest_route=%2Fwp%2Fv2%2Fproduct_cat&post=6198"},{"taxonomy":"product_tag","embeddable":true,"href":"https:\/\/ecologicalfarming.ma\/index.php?rest_route=%2Fwp%2Fv2%2Fproduct_tag&post=6198"}],"curies":[{"name":"wp","href":"https:\/\/api.w.org\/{rel}","templated":true}]}}