{"id":5899,"date":"2020-12-16T15:25:07","date_gmt":"2020-12-16T15:25:07","guid":{"rendered":"https:\/\/ecologicalfarming.ma\/?post_type=product&#038;p=5899"},"modified":"2021-01-10T16:16:24","modified_gmt":"2021-01-10T16:16:24","slug":"27e4-volume-200ml-plantes-aromatiques-fleur-doranger","status":"publish","type":"product","link":"https:\/\/ecologicalfarming.ma\/?product=27e4-volume-200ml-plantes-aromatiques-fleur-doranger","title":{"rendered":"27e4 &#8211; Volume : 200ml <br> PLANTES AROMATIQUES FLEUR D&#8217;ORANGER"},"content":{"rendered":"<p>PLANTES AROMATIQUES FLEUR D&#8217;ORANGER ET L&#8217;HUILE ESSENTIELLE<\/p>\n<ul>\n<li>100%BIO<\/li>\n<li>100% NATUREL<\/li>\n<li>VEGAN<\/li>\n<li>Sans additifs<\/li>\n<li>Sans conservateurs<\/li>\n<li>Sans parab\u00e8ne<\/li>\n<li>Sans silicone<\/li>\n<\/ul>\n<p>Ce tendre et d\u00e9licat gel douche contient en plus de ses agents nettoyant\u00a0 de feuilles d&#8217;olivier ce qui lui donne des propri\u00e9t\u00e9s antibact\u00e9riennes et garantit une hygi\u00e8ne corporelle quotidienne. Il assure un vrai sentiment de propret\u00e9 et de bien-\u00eatre.<\/p>\n<p>&nbsp;<\/p>\n","protected":false},"excerpt":{"rendered":"<p>PLANTES AROMATIQUES FLEUR D&#8217;ORANGER ET HUILE ESSENTIELLE<\/p>\n","protected":false},"featured_media":7044,"template":"","meta":[],"product_cat":[490],"product_tag":[],"_links":{"self":[{"href":"https:\/\/ecologicalfarming.ma\/index.php?rest_route=\/wp\/v2\/product\/5899"}],"collection":[{"href":"https:\/\/ecologicalfarming.ma\/index.php?rest_route=\/wp\/v2\/product"}],"about":[{"href":"https:\/\/ecologicalfarming.ma\/index.php?rest_route=\/wp\/v2\/types\/product"}],"wp:featuredmedia":[{"embeddable":true,"href":"https:\/\/ecologicalfarming.ma\/index.php?rest_route=\/wp\/v2\/media\/7044"}],"wp:attachment":[{"href":"https:\/\/ecologicalfarming.ma\/index.php?rest_route=%2Fwp%2Fv2%2Fmedia&parent=5899"}],"wp:term":[{"taxonomy":"product_cat","embeddable":true,"href":"https:\/\/ecologicalfarming.ma\/index.php?rest_route=%2Fwp%2Fv2%2Fproduct_cat&post=5899"},{"taxonomy":"product_tag","embeddable":true,"href":"https:\/\/ecologicalfarming.ma\/index.php?rest_route=%2Fwp%2Fv2%2Fproduct_tag&post=5899"}],"curies":[{"name":"wp","href":"https:\/\/api.w.org\/{rel}","templated":true}]}}