{"id":5895,"date":"2020-12-16T15:02:38","date_gmt":"2020-12-16T15:02:38","guid":{"rendered":"https:\/\/ecologicalfarming.ma\/?post_type=product&#038;p=5895"},"modified":"2021-01-27T08:51:47","modified_gmt":"2021-01-27T08:51:47","slug":"27e4-volume-200ml-gel-douche-lavande","status":"publish","type":"product","link":"https:\/\/ecologicalfarming.ma\/?product=27e4-volume-200ml-gel-douche-lavande","title":{"rendered":"27e4 &#8211; Volume : 200ml <br> GEL DOUCHE \u00c0 LA LAVANDE\u00a0"},"content":{"rendered":"<p>GEL DOUCHE \u00c0 LA LAVANDE ET HUILE ESSENTIELLE<\/p>\n<ul>\n<li>100%BIO<\/li>\n<li>100% NATUREL<\/li>\n<li>VEGAN<\/li>\n<li>Sans additifs<\/li>\n<li>Sans conservateurs<\/li>\n<li>Sans parab\u00e8ne<\/li>\n<li>Sans silicone<\/li>\n<\/ul>\n<p>Ce tendre et d\u00e9licat gel douche contient en plus de ses agents nettoyant\u00a0 de feuilles d&#8217;olivier ce qui lui donne des propri\u00e9t\u00e9s antibact\u00e9riennes et garantit une hygi\u00e8ne corporelle quotidienne. Il assure un vrai sentiment de propret\u00e9 et de bien-\u00eatre.<\/p>\n<p>&nbsp;<\/p>\n","protected":false},"excerpt":{"rendered":"<p>GEL DOUCHE \u00c0 LA LAVANDE ET HUILE ESSENTIELLE 100%BIO 100% NATUREL VEGAN Sans additifs Sans conservateurs Sans parab\u00e8ne Sans silicone Ce tendre et d\u00e9licat gel douche contient en plus de ses agents nettoyant\u00a0 de feuilles d&#8217;olivier ce qui lui donne des propri\u00e9t\u00e9s antibact\u00e9riennes et garantit une hygi\u00e8ne corporelle quotidienne. Il assure un vrai sentiment de [&hellip;]<\/p>\n","protected":false},"featured_media":7034,"template":"","meta":[],"product_cat":[95],"product_tag":[],"_links":{"self":[{"href":"https:\/\/ecologicalfarming.ma\/index.php?rest_route=\/wp\/v2\/product\/5895"}],"collection":[{"href":"https:\/\/ecologicalfarming.ma\/index.php?rest_route=\/wp\/v2\/product"}],"about":[{"href":"https:\/\/ecologicalfarming.ma\/index.php?rest_route=\/wp\/v2\/types\/product"}],"wp:featuredmedia":[{"embeddable":true,"href":"https:\/\/ecologicalfarming.ma\/index.php?rest_route=\/wp\/v2\/media\/7034"}],"wp:attachment":[{"href":"https:\/\/ecologicalfarming.ma\/index.php?rest_route=%2Fwp%2Fv2%2Fmedia&parent=5895"}],"wp:term":[{"taxonomy":"product_cat","embeddable":true,"href":"https:\/\/ecologicalfarming.ma\/index.php?rest_route=%2Fwp%2Fv2%2Fproduct_cat&post=5895"},{"taxonomy":"product_tag","embeddable":true,"href":"https:\/\/ecologicalfarming.ma\/index.php?rest_route=%2Fwp%2Fv2%2Fproduct_tag&post=5895"}],"curies":[{"name":"wp","href":"https:\/\/api.w.org\/{rel}","templated":true}]}}