{"id":5876,"date":"2020-12-16T13:46:18","date_gmt":"2020-12-16T13:46:18","guid":{"rendered":"https:\/\/ecologicalfarming.ma\/?post_type=product&#038;p=5876"},"modified":"2021-01-10T15:39:33","modified_gmt":"2021-01-10T15:39:33","slug":"27e1-volume-200ml-gel-douche-rose-marocaine","status":"publish","type":"product","link":"https:\/\/ecologicalfarming.ma\/?product=27e1-volume-200ml-gel-douche-rose-marocaine","title":{"rendered":"27e1 &#8211; Volume : 200ml <br> GEL DOUCHE \u00c0 LA ROSE MAROCAINE"},"content":{"rendered":"<p>GEL DOUCHE \u00c0 LA ROSE MAROCAINE<\/p>\n<ul>\n<li>100%BIO<\/li>\n<li>100% NATUREL<\/li>\n<li>VEGAN<\/li>\n<li>Sans additifs<\/li>\n<li>Ni conservateurs<\/li>\n<li>Sans parab\u00e8ne<\/li>\n<li>Ni silicone<\/li>\n<\/ul>\n<p>Ce tendre et d\u00e9licat gel douche contient en plus de ses agents nettoyant de l\u2019eau de rose naturelle, ce qui lui donne des propri\u00e9t\u00e9s antibact\u00e9riennes et garantit une hygi\u00e8ne corporelle quotidienne.<\/p>\n<ul>\n<li>Il assure un vrai sentiment de propret\u00e9 et de bien-\u00eatre.<\/li>\n<li>Gel douche vous faisant profiter d&#8217;une douche tout en douceur.<\/li>\n<li>\u00a0Convient\u00a0 tous les types de peaux.<\/li>\n<\/ul>\n","protected":false},"excerpt":{"rendered":"<p>GEL DOUCHE \u00c0 LA ROSE MAROCAINE<\/p>\n","protected":false},"featured_media":7027,"template":"","meta":[],"product_cat":[40,490],"product_tag":[],"_links":{"self":[{"href":"https:\/\/ecologicalfarming.ma\/index.php?rest_route=\/wp\/v2\/product\/5876"}],"collection":[{"href":"https:\/\/ecologicalfarming.ma\/index.php?rest_route=\/wp\/v2\/product"}],"about":[{"href":"https:\/\/ecologicalfarming.ma\/index.php?rest_route=\/wp\/v2\/types\/product"}],"wp:featuredmedia":[{"embeddable":true,"href":"https:\/\/ecologicalfarming.ma\/index.php?rest_route=\/wp\/v2\/media\/7027"}],"wp:attachment":[{"href":"https:\/\/ecologicalfarming.ma\/index.php?rest_route=%2Fwp%2Fv2%2Fmedia&parent=5876"}],"wp:term":[{"taxonomy":"product_cat","embeddable":true,"href":"https:\/\/ecologicalfarming.ma\/index.php?rest_route=%2Fwp%2Fv2%2Fproduct_cat&post=5876"},{"taxonomy":"product_tag","embeddable":true,"href":"https:\/\/ecologicalfarming.ma\/index.php?rest_route=%2Fwp%2Fv2%2Fproduct_tag&post=5876"}],"curies":[{"name":"wp","href":"https:\/\/api.w.org\/{rel}","templated":true}]}}