{"id":5702,"date":"2020-12-11T23:19:54","date_gmt":"2020-12-11T23:19:54","guid":{"rendered":"https:\/\/ecologicalfarming.ma\/?post_type=product&#038;p=5702"},"modified":"2020-12-11T23:23:17","modified_gmt":"2020-12-11T23:23:17","slug":"24c9-poids-200gr-gommage-ghassoul-savon-glycerine-marjan-copie","status":"publish","type":"product","link":"https:\/\/ecologicalfarming.ma\/?product=24c9-poids-200gr-gommage-ghassoul-savon-glycerine-marjan-copie","title":{"rendered":"24c9- Poids : 200Gr <br> PARFUM MAISON"},"content":{"rendered":"<p>GOMMAGE GHASSOUL SAVON GLYCERINE MARJAN 100% BIO 100% NATUREL<\/p>\n<p>*Exfoliant naturel anti-cellulite<\/p>\n<p>*Elimine les cellules mortes de l&#8217;\u00e9piderme<\/p>\n<p>*Soutient un traitement contre l&#8217;acn\u00e9, la -cellulite et les vergetures et aussi une -th\u00e9rapie de la veine d&#8217;araign\u00e9e pour les -varices et l&#8217;ecz\u00e9ma<\/p>\n<p>Sans Additifs<\/p>\n<p>Sans Conservateurs<\/p>\n","protected":false},"excerpt":{"rendered":"<p>GOMMAGE GHASSOUL SAVON GLYCERINE MARJAN 100% BIO 100% NATUREL<\/p>\n","protected":false},"featured_media":5703,"template":"","meta":[],"product_cat":[95],"product_tag":[],"_links":{"self":[{"href":"https:\/\/ecologicalfarming.ma\/index.php?rest_route=\/wp\/v2\/product\/5702"}],"collection":[{"href":"https:\/\/ecologicalfarming.ma\/index.php?rest_route=\/wp\/v2\/product"}],"about":[{"href":"https:\/\/ecologicalfarming.ma\/index.php?rest_route=\/wp\/v2\/types\/product"}],"wp:featuredmedia":[{"embeddable":true,"href":"https:\/\/ecologicalfarming.ma\/index.php?rest_route=\/wp\/v2\/media\/5703"}],"wp:attachment":[{"href":"https:\/\/ecologicalfarming.ma\/index.php?rest_route=%2Fwp%2Fv2%2Fmedia&parent=5702"}],"wp:term":[{"taxonomy":"product_cat","embeddable":true,"href":"https:\/\/ecologicalfarming.ma\/index.php?rest_route=%2Fwp%2Fv2%2Fproduct_cat&post=5702"},{"taxonomy":"product_tag","embeddable":true,"href":"https:\/\/ecologicalfarming.ma\/index.php?rest_route=%2Fwp%2Fv2%2Fproduct_tag&post=5702"}],"curies":[{"name":"wp","href":"https:\/\/api.w.org\/{rel}","templated":true}]}}