{"id":5380,"date":"2020-11-27T18:52:07","date_gmt":"2020-11-27T18:52:07","guid":{"rendered":"https:\/\/ecologicalfarming.ma\/?post_type=product&#038;p=5380"},"modified":"2021-07-12T19:27:55","modified_gmt":"2021-07-12T19:27:55","slug":"250ml-huile-dolive-bio-pour-pizza","status":"publish","type":"product","link":"https:\/\/ecologicalfarming.ma\/?product=250ml-huile-dolive-bio-pour-pizza","title":{"rendered":"<br><span style=\"color: #fa5558;\">\u2022 HUILE D&#8217;OLIVE BIO POUR PIZZA<br><br><\/span><span style=\"color: #8a6265;\">\u2022 Volume : 250ml<\/span>"},"content":{"rendered":"<p><span style=\"color: #fa5558;\">\u2022 HUILE D&#8217;OLIVE BIO <span style=\"color: #8a6265;\">AROMATIS\u00c9E SP\u00c9CIALE POUR PIZZA\u00a0<\/span><\/span><\/p>\n<ul>\n<li>100% BIO<\/li>\n<li>100% PURE<\/li>\n<li>NON RAFIN\u00c9<\/li>\n<li>NON D\u00c9SORDORIS\u00c9E<\/li>\n<\/ul>\n<p>Notre <span style=\"color: #fa5558;\"><span style=\"color: #8a6265;\">HUILE D&#8217;OLIVE <\/span><\/span>sp\u00e9ciale pour <span style=\"color: #fa5558;\"><span style=\"color: #8a6265;\">PIZZA <\/span><\/span>est une huile vierge de premi\u00e8re qualit\u00e9 press\u00e9e \u00e0 froid, 100% BIO,<br \/>\n100% pure, non raffin\u00e9e, non d\u00e9sodoris\u00e9e et exclusivement aromatis\u00e9e pour r\u00e9ussir votre Pizza de mani\u00e8re extraordinaire.<br \/>\nNous avons cr\u00e9e et d\u00e9velopp\u00e9 cette huile d\u2019olive aromatis\u00e9e avec un m\u00e9lange d\u2019herbes et d\u2019\u00e9pices d\u2019une finesse vraiment exceptionnelle, de culture biologique, de tr\u00e8s bonne qualit\u00e9 et fra\u00eechement pr\u00e9par\u00e9 sur commande.<\/p>\n<p>&nbsp;<\/p>\n<p>&nbsp;<\/p>\n","protected":false},"excerpt":{"rendered":"<p>&nbsp;<\/p>\n<p>&nbsp;<\/p>\n","protected":false},"featured_media":6534,"template":"","meta":[],"product_cat":[39,581,584,367],"product_tag":[],"_links":{"self":[{"href":"https:\/\/ecologicalfarming.ma\/index.php?rest_route=\/wp\/v2\/product\/5380"}],"collection":[{"href":"https:\/\/ecologicalfarming.ma\/index.php?rest_route=\/wp\/v2\/product"}],"about":[{"href":"https:\/\/ecologicalfarming.ma\/index.php?rest_route=\/wp\/v2\/types\/product"}],"wp:featuredmedia":[{"embeddable":true,"href":"https:\/\/ecologicalfarming.ma\/index.php?rest_route=\/wp\/v2\/media\/6534"}],"wp:attachment":[{"href":"https:\/\/ecologicalfarming.ma\/index.php?rest_route=%2Fwp%2Fv2%2Fmedia&parent=5380"}],"wp:term":[{"taxonomy":"product_cat","embeddable":true,"href":"https:\/\/ecologicalfarming.ma\/index.php?rest_route=%2Fwp%2Fv2%2Fproduct_cat&post=5380"},{"taxonomy":"product_tag","embeddable":true,"href":"https:\/\/ecologicalfarming.ma\/index.php?rest_route=%2Fwp%2Fv2%2Fproduct_tag&post=5380"}],"curies":[{"name":"wp","href":"https:\/\/api.w.org\/{rel}","templated":true}]}}