{"id":5354,"date":"2020-11-24T21:24:43","date_gmt":"2020-11-24T21:24:43","guid":{"rendered":"https:\/\/ecologicalfarming.ma\/?post_type=product&#038;p=5354"},"modified":"2024-07-31T18:02:23","modified_gmt":"2024-07-31T18:02:23","slug":"200ml-shampoing-huile-de-co-noix-de-coco-miel-bio","status":"publish","type":"product","link":"https:\/\/ecologicalfarming.ma\/?product=200ml-shampoing-huile-de-co-noix-de-coco-miel-bio","title":{"rendered":"<br><span style=\"color: #470796;\"><p>SHAMPOING NATUREL 4<\/p><\/span> <span style=\"color: #ff00a6;\"><p>COCO BIO<\/span><\/p> <span style=\"color: #944a4f;\">Volume : 200ml<\/span>"},"content":{"rendered":"<p><span style=\"color: #470796;\">SHAMPOING NATUREL 4 :<\/span><span style=\"color: #fb068b;\">\u00a0COCO BIO<\/span><\/p>\n<ul>\n<li>HUILE DE COCO BIO<\/li>\n<li>NOIX DE COCO BIO<\/li>\n<li>MIEL BIO<\/li>\n<\/ul>\n<p>\u2666 SANS PARABENES<br \/>\n\u2666 MIEL BIO<br \/>\n\u2666 SANS PARABENES<\/p>\n<p><span style=\"color: #470796;\"><span style=\"color: #333333;\">Notre<\/span> SHAMPOING NATUREL 4<span style=\"color: #333333;\"> \u00e0 base <\/span><span style=\"color: #fb068b;\">coco BIO, noix de coco BIO et miel BIO <\/span><\/span>est fra\u00eechement produit sur commande sans sulfates, sans silicates, sans parab\u00e8nes et sans aditifs ni conservateurs.<br \/>\nCe shampoing purement naturel approvisionne vos cheveux en \u00e9l\u00e9ments nutritifs essentiels et en humidit\u00e9, renforce<br \/>\nles racines de vos cheveux et stimule leur croissance.<br \/>\nVous profitez aussi des propri\u00e9t\u00e9s r\u00e9paratrices et bienfaisantes excellentes de l\u2019huile de coco naturellement riche en acide laurique.<\/p>\n","protected":false},"excerpt":{"rendered":"<p>SHAMPOING NATUREL 4 :\u00a0COCO BIO HUILE DE COCO BIO NOIX DE COCO BIO MIEL BIO \u2666 SANS PARABENES \u2666 MIEL BIO \u2666 SANS PARABENES Notre SHAMPOING NATUREL 4 \u00e0 base coco BIO, noix de coco BIO et miel BIO est fra\u00eechement produit sur commande sans sulfates, sans silicates, sans parab\u00e8nes et sans aditifs ni conservateurs. [&hellip;]<\/p>\n","protected":false},"featured_media":10671,"template":"","meta":[],"product_cat":[467,464],"product_tag":[],"_links":{"self":[{"href":"https:\/\/ecologicalfarming.ma\/index.php?rest_route=\/wp\/v2\/product\/5354"}],"collection":[{"href":"https:\/\/ecologicalfarming.ma\/index.php?rest_route=\/wp\/v2\/product"}],"about":[{"href":"https:\/\/ecologicalfarming.ma\/index.php?rest_route=\/wp\/v2\/types\/product"}],"wp:featuredmedia":[{"embeddable":true,"href":"https:\/\/ecologicalfarming.ma\/index.php?rest_route=\/wp\/v2\/media\/10671"}],"wp:attachment":[{"href":"https:\/\/ecologicalfarming.ma\/index.php?rest_route=%2Fwp%2Fv2%2Fmedia&parent=5354"}],"wp:term":[{"taxonomy":"product_cat","embeddable":true,"href":"https:\/\/ecologicalfarming.ma\/index.php?rest_route=%2Fwp%2Fv2%2Fproduct_cat&post=5354"},{"taxonomy":"product_tag","embeddable":true,"href":"https:\/\/ecologicalfarming.ma\/index.php?rest_route=%2Fwp%2Fv2%2Fproduct_tag&post=5354"}],"curies":[{"name":"wp","href":"https:\/\/api.w.org\/{rel}","templated":true}]}}