{"id":5347,"date":"2020-11-24T21:16:06","date_gmt":"2020-11-24T21:16:06","guid":{"rendered":"https:\/\/ecologicalfarming.ma\/?post_type=product&#038;p=5347"},"modified":"2021-10-12T00:47:29","modified_gmt":"2021-10-12T00:47:29","slug":"27c3-volume-120ml-shampoing-a-lhuile-olive-plantes","status":"publish","type":"product","link":"https:\/\/ecologicalfarming.ma\/?product=27c3-volume-120ml-shampoing-a-lhuile-olive-plantes","title":{"rendered":"<br><span style=\"color: #470796;\"><p>SHAMPOING NATUREL 3<\/p><\/span> <span style=\"color: #ff00a6;\"><p> OLIVE BIO<\/span><\/p> <span style=\"color: #944a4f;\">Volume : 200ml<\/span>"},"content":{"rendered":"<p><span style=\"color: #470796;\">SHAMPOING NATUREL 3 :<\/span> <span style=\"color: #fb068b;\">OLIVE BIO<\/span><\/p>\n<ul>\n<li>HUILE D\u2019OLIVE BIO<\/li>\n<li>PLANTES AROMATIQUES ET M\u00c9DICINALES<\/li>\n<\/ul>\n<p>\u2666 SANS PARABENES<br \/>\n\u2666 MIEL BIO<br \/>\n\u2666 SANS PARABENES<\/p>\n<p><span style=\"color: #470796;\"><span style=\"color: #333333;\">Notre<\/span> SHAMPOING NATUREL 3 <span style=\"color: #333333;\">\u00e0 base<\/span><\/span><span style=\"color: #333333;\"> de<\/span><span style=\"color: #470796;\"> <span style=\"color: #fb068b;\">\u2019huile d\u2019olive BIO et de plantes aromatiques et m\u00e9dicinales <\/span><\/span>est fra\u00eechement produit sur commande sans sulfates, sans silicates, sans parab\u00e8nes et sans aditifs ni conservateurs.<br \/>\nCe shampoing purement naturel approvisionne vos cheveux en \u00e9l\u00e9ments nutritifs essentiels et en humidit\u00e9, renforce<br \/>\nles racines de vos cheveux et stimule leur croissance.<br \/>\nVous profitez aussi des propri\u00e9t\u00e9s protectrices et anti-oxydantes tr\u00e8s puissantes de l\u2019huile d\u2019olive.<\/p>\n","protected":false},"excerpt":{"rendered":"<p>SHAMPOING NATUREL 3 : OLIVE BIO HUILE D\u2019OLIVE BIO PLANTES AROMATIQUES ET M\u00c9DICINALES \u2666 SANS PARABENES \u2666 MIEL BIO \u2666 SANS PARABENES Notre SHAMPOING NATUREL 3 \u00e0 base de \u2019huile d\u2019olive BIO et de plantes aromatiques et m\u00e9dicinales est fra\u00eechement produit sur commande sans sulfates, sans silicates, sans parab\u00e8nes et sans aditifs ni conservateurs. Ce [&hellip;]<\/p>\n","protected":false},"featured_media":10682,"template":"","meta":[],"product_cat":[467,464,610],"product_tag":[],"_links":{"self":[{"href":"https:\/\/ecologicalfarming.ma\/index.php?rest_route=\/wp\/v2\/product\/5347"}],"collection":[{"href":"https:\/\/ecologicalfarming.ma\/index.php?rest_route=\/wp\/v2\/product"}],"about":[{"href":"https:\/\/ecologicalfarming.ma\/index.php?rest_route=\/wp\/v2\/types\/product"}],"wp:featuredmedia":[{"embeddable":true,"href":"https:\/\/ecologicalfarming.ma\/index.php?rest_route=\/wp\/v2\/media\/10682"}],"wp:attachment":[{"href":"https:\/\/ecologicalfarming.ma\/index.php?rest_route=%2Fwp%2Fv2%2Fmedia&parent=5347"}],"wp:term":[{"taxonomy":"product_cat","embeddable":true,"href":"https:\/\/ecologicalfarming.ma\/index.php?rest_route=%2Fwp%2Fv2%2Fproduct_cat&post=5347"},{"taxonomy":"product_tag","embeddable":true,"href":"https:\/\/ecologicalfarming.ma\/index.php?rest_route=%2Fwp%2Fv2%2Fproduct_tag&post=5347"}],"curies":[{"name":"wp","href":"https:\/\/api.w.org\/{rel}","templated":true}]}}