{"id":5342,"date":"2020-11-24T21:09:19","date_gmt":"2020-11-24T21:09:19","guid":{"rendered":"https:\/\/ecologicalfarming.ma\/?post_type=product&#038;p=5342"},"modified":"2021-10-11T21:06:08","modified_gmt":"2021-10-11T21:06:08","slug":"20ml-shampoing-petales-de-rose-bio","status":"publish","type":"product","link":"https:\/\/ecologicalfarming.ma\/?product=20ml-shampoing-petales-de-rose-bio","title":{"rendered":"<br><span style=\"color: #470796;\"><p>SHAMPOING NATUREL 2<\/p><\/span> <span style=\"color: #ff00a6;\"><p>P\u00c9TALES DE ROSE<\/span><\/p> <span style=\"color: #944a4f;\">Volume : 120ml<\/span>"},"content":{"rendered":"<p><span style=\"color: #470796;\">SHAMPOING NATUREL 2 :<\/span> <span style=\"color: #fb068b;\">P\u00c9TALES DE ROSE<\/span><\/p>\n<ul>\n<li>P\u00c9TALES DE ROSES BIO<\/li>\n<li>HUILE DE ROSE BIO<\/li>\n<li><\/li>\n<\/ul>\n<p>\u2666 SANS PARABENES<br \/>\n\u2666 MIEL BIO<br \/>\n\u2666 SANS PARABENES<\/p>\n<p><span style=\"color: #470796;\"><span style=\"color: #333333;\">Notre<\/span> SHAMPOING NATUREL 1<span style=\"color: #333333;\">\u00a0\u00e0 base<\/span> <span style=\"color: #fb068b;\">de p\u00e9tales de roses BIO et huile de rose BIO<\/span>\u00a0<\/span>c&#8217;est fra\u00eechement produit sur commande sans sulfates, sans silicates, sans parab\u00e8nes et sans aditifs ni conservateurs.<br \/>\nCe shampoing purement naturel approvisionne vos cheveux en \u00e9l\u00e9ments nutritifs essentiels et en humidit\u00e9, renforce les racines de vos cheveux et stimule leur croissance.<br \/>\nVous profitez aussi d\u2019un effet remarquable contre le cuir chevelu irrit\u00e9 ou sec et des propri\u00e9t\u00e9s revitalisantes excellentes de l\u2019huile de rose.<\/p>\n","protected":false},"excerpt":{"rendered":"<p>SHAMPOING NATUREL 2 : P\u00c9TALES DE ROSE P\u00c9TALES DE ROSES BIO HUILE DE ROSE BIO \u2666 SANS PARABENES \u2666 MIEL BIO \u2666 SANS PARABENES Notre SHAMPOING NATUREL 1\u00a0\u00e0 base de p\u00e9tales de roses BIO et huile de rose BIO\u00a0c&#8217;est fra\u00eechement produit sur commande sans sulfates, sans silicates, sans parab\u00e8nes et sans aditifs ni conservateurs. Ce [&hellip;]<\/p>\n","protected":false},"featured_media":10674,"template":"","meta":[],"product_cat":[467,464,610],"product_tag":[],"_links":{"self":[{"href":"https:\/\/ecologicalfarming.ma\/index.php?rest_route=\/wp\/v2\/product\/5342"}],"collection":[{"href":"https:\/\/ecologicalfarming.ma\/index.php?rest_route=\/wp\/v2\/product"}],"about":[{"href":"https:\/\/ecologicalfarming.ma\/index.php?rest_route=\/wp\/v2\/types\/product"}],"wp:featuredmedia":[{"embeddable":true,"href":"https:\/\/ecologicalfarming.ma\/index.php?rest_route=\/wp\/v2\/media\/10674"}],"wp:attachment":[{"href":"https:\/\/ecologicalfarming.ma\/index.php?rest_route=%2Fwp%2Fv2%2Fmedia&parent=5342"}],"wp:term":[{"taxonomy":"product_cat","embeddable":true,"href":"https:\/\/ecologicalfarming.ma\/index.php?rest_route=%2Fwp%2Fv2%2Fproduct_cat&post=5342"},{"taxonomy":"product_tag","embeddable":true,"href":"https:\/\/ecologicalfarming.ma\/index.php?rest_route=%2Fwp%2Fv2%2Fproduct_tag&post=5342"}],"curies":[{"name":"wp","href":"https:\/\/api.w.org\/{rel}","templated":true}]}}