{"id":5251,"date":"2020-11-18T20:12:56","date_gmt":"2020-11-18T20:12:56","guid":{"rendered":"https:\/\/ecologicalfarming.ma\/?post_type=product&#038;p=5251"},"modified":"2024-10-01T14:12:44","modified_gmt":"2024-10-01T14:12:44","slug":"15c4-poids-500gr-pate-de-raisins-secs-noir","status":"publish","type":"product","link":"https:\/\/ecologicalfarming.ma\/?product=15c4-poids-500gr-pate-de-raisins-secs-noir","title":{"rendered":"<\/span> <br><span style=\"color: #ee393c;\">GRAINES DU JUJUBE MOULUES<\/span><br><br><span style=\"color: #944a4f;\">\u2666 Poids : 250Gr<\/span>"},"content":{"rendered":"<p><span style=\"color: #944a4f;\"><strong>\u2022\u00a0 FRUITS S\u00c9CH\u00c9S 4 : <\/strong><span style=\"color: #ee393c;\">GRAINES DU JUJUBE MOULUES<\/span><\/span><\/p>\n<ul>\n<li>SANS SUCRE<\/li>\n<li>SANS HUILES<\/li>\n<li>SANS ADDITIFS<\/li>\n<li>SANS CONSERVATEURS<\/li>\n<\/ul>\n<p>Notre <span style=\"color: #944a4f;\">GRAINES DU JUJUBE\u00a0 <\/span>de qualit\u00e9 BIO contiennent le meilleur des fruits m\u00fbris au soleil, s\u00e9ch\u00e9s naturellement et ensuite moulus avec pr\u00e9caution et convainquent par leur saveur pure et naturelle.<br \/>\nCe produit est appropri\u00e9 par exemple pour le rajouter \u00e0 votre muesli, affiner vos desserts ou faire de la p\u00e2tisserie.<\/p>\n","protected":false},"excerpt":{"rendered":"<p>Sans Sucre<\/p>\n<p>Sans Lactose<\/p>\n<p>Sans Additifs<\/p>\n","protected":false},"featured_media":8161,"template":"","meta":[],"product_cat":[55,526],"product_tag":[],"_links":{"self":[{"href":"https:\/\/ecologicalfarming.ma\/index.php?rest_route=\/wp\/v2\/product\/5251"}],"collection":[{"href":"https:\/\/ecologicalfarming.ma\/index.php?rest_route=\/wp\/v2\/product"}],"about":[{"href":"https:\/\/ecologicalfarming.ma\/index.php?rest_route=\/wp\/v2\/types\/product"}],"wp:featuredmedia":[{"embeddable":true,"href":"https:\/\/ecologicalfarming.ma\/index.php?rest_route=\/wp\/v2\/media\/8161"}],"wp:attachment":[{"href":"https:\/\/ecologicalfarming.ma\/index.php?rest_route=%2Fwp%2Fv2%2Fmedia&parent=5251"}],"wp:term":[{"taxonomy":"product_cat","embeddable":true,"href":"https:\/\/ecologicalfarming.ma\/index.php?rest_route=%2Fwp%2Fv2%2Fproduct_cat&post=5251"},{"taxonomy":"product_tag","embeddable":true,"href":"https:\/\/ecologicalfarming.ma\/index.php?rest_route=%2Fwp%2Fv2%2Fproduct_tag&post=5251"}],"curies":[{"name":"wp","href":"https:\/\/api.w.org\/{rel}","templated":true}]}}