{"id":5234,"date":"2020-11-14T20:53:30","date_gmt":"2020-11-14T20:53:30","guid":{"rendered":"https:\/\/ecologicalfarming.ma\/?post_type=product&#038;p=5234"},"modified":"2025-08-29T15:49:10","modified_gmt":"2025-08-29T15:49:10","slug":"15d1-poids-500gr-pate-de-dattes","status":"publish","type":"product","link":"https:\/\/ecologicalfarming.ma\/?product=15d1-poids-500gr-pate-de-dattes","title":{"rendered":"\u00a0 \u00a0 <\/span> <br><span style=\"color: #ee393c;\">\u2666 P\u00c2TE DE DATTES<\/span><br><br><span style=\"color: #944a4f;\">\u2666 Poids : 500Gr<\/span>"},"content":{"rendered":"<p><span style=\"color: #944a4f;\">\u2022 P\u00c2TE DE DATTES : <\/span><span style=\"color: #ee393c;\">100% DATTES<\/span><\/p>\n<ul>\n<li>SANS SUCRE<\/li>\n<li>SANS HUILE<\/li>\n<li>SANS BEURRE<\/li>\n<li>SANS ADDITIFS<\/li>\n<li>SANS CONSERVATEURS<\/li>\n<\/ul>\n<p>Notre<span style=\"color: #944a4f;\"> P\u00c2TE DE DATTES <\/span>est une cr\u00e9ation \u00e0 base de dattes de qualit\u00e9 BIO et avec une saveur pure et naturelle.<br \/>\nCette p\u00e2te sert par exemple pour aromatiser vos desserts, votre yaourt et vos glaces ou pour cr\u00e9er des tartes, p\u00e2tisseries et pralines d\u00e9licieuses.<\/p>\n","protected":false},"excerpt":{"rendered":"<p>\u2022 P\u00c2TE DE DATTES : 100% DATTES SANS SUCRE SANS HUILE SANS BEURRE SANS ADDITIFS SANS CONSERVATEURS Notre P\u00c2TE DE DATTES est une cr\u00e9ation \u00e0 base de dattes de qualit\u00e9 BIO et avec une saveur pure et naturelle. Cette p\u00e2te sert par exemple pour aromatiser vos desserts, votre yaourt et vos glaces ou pour cr\u00e9er [&hellip;]<\/p>\n","protected":false},"featured_media":8213,"template":"","meta":[],"product_cat":[55,590],"product_tag":[],"_links":{"self":[{"href":"https:\/\/ecologicalfarming.ma\/index.php?rest_route=\/wp\/v2\/product\/5234"}],"collection":[{"href":"https:\/\/ecologicalfarming.ma\/index.php?rest_route=\/wp\/v2\/product"}],"about":[{"href":"https:\/\/ecologicalfarming.ma\/index.php?rest_route=\/wp\/v2\/types\/product"}],"wp:featuredmedia":[{"embeddable":true,"href":"https:\/\/ecologicalfarming.ma\/index.php?rest_route=\/wp\/v2\/media\/8213"}],"wp:attachment":[{"href":"https:\/\/ecologicalfarming.ma\/index.php?rest_route=%2Fwp%2Fv2%2Fmedia&parent=5234"}],"wp:term":[{"taxonomy":"product_cat","embeddable":true,"href":"https:\/\/ecologicalfarming.ma\/index.php?rest_route=%2Fwp%2Fv2%2Fproduct_cat&post=5234"},{"taxonomy":"product_tag","embeddable":true,"href":"https:\/\/ecologicalfarming.ma\/index.php?rest_route=%2Fwp%2Fv2%2Fproduct_tag&post=5234"}],"curies":[{"name":"wp","href":"https:\/\/api.w.org\/{rel}","templated":true}]}}